{"id":13878,"date":"2022-11-07T13:40:07","date_gmt":"2022-11-07T12:40:07","guid":{"rendered":"https:\/\/www.duchateaueurope.be\/categories\/"},"modified":"2026-02-11T10:37:21","modified_gmt":"2026-02-11T09:37:21","slug":"categories","status":"publish","type":"page","link":"https:\/\/www.duchateaueurope.be\/en\/categories\/","title":{"rendered":"Categories"},"content":{"rendered":"\t\t<div data-elementor-type=\"wp-page\" data-elementor-id=\"13878\" class=\"elementor elementor-13878 elementor-13279\" data-elementor-post-type=\"page\">\n\t\t\t\t<div class=\"elementor-element elementor-element-c40b888 elementor-hidden-desktop elementor-hidden-tablet elementor-hidden-mobile e-flex e-con-boxed e-con e-parent\" data-id=\"c40b888\" data-element_type=\"container\" data-e-type=\"container\">\n\t\t\t\t\t<div class=\"e-con-inner\">\n\t\t<div class=\"elementor-element elementor-element-42f32c6 e-con-full e-flex e-con e-child\" data-id=\"42f32c6\" data-element_type=\"container\" data-e-type=\"container\">\n\t\t\t\t<div class=\"elementor-element elementor-element-bd8516f elementor-widget elementor-widget-jet-woo-taxonomy-tiles\" data-id=\"bd8516f\" data-element_type=\"widget\" data-e-type=\"widget\" data-widget_type=\"jet-woo-taxonomy-tiles.default\">\n\t\t\t\t<div class=\"elementor-widget-container\">\n\t\t\t\t\t<div class=\"elementor-jet-woo-taxonomy-tiles jet-woo-builder\"><div class=\"jet-woo-taxonomy-tiles jet-woo-taxonomy-tiles--layout-1-2 jet-woo-taxonomy-tiles-count--\" dir=\"ltr\">\n<div class=\"jet-woo-taxonomy-item\">\n\t<div class=\"jet-woo-taxonomy-item__box\" style=\"background-image:url('https:\/\/www.duchateaueurope.be\/wp-content\/uploads\/2022\/10\/Noel-05.jpg')\">\n\t\t<div class=\"jet-woo-taxonomy-item__box-content\">\n\t\t\t<div class=\"jet-woo-taxonomy-item__box-inner\">\n\t\t\t\t<h2 class=\"jet-woo-taxonomy-item__box-title\">Christmas<\/h2>\t\t\t<\/div>\n\t\t<\/div>\n\n\t\t<a href=\"https:\/\/www.duchateaueurope.be\/en\/product-category\/christmas\/\" class=\"jet-woo-taxonomy-item__box-link\"  ><\/a>\n\t<\/div>\n<\/div>\n<div class=\"jet-woo-taxonomy-item\">\n\t<div class=\"jet-woo-taxonomy-item__box\" style=\"background-image:url('https:\/\/www.duchateaueurope.be\/wp-content\/uploads\/2022\/10\/Noel-06.jpg')\">\n\t\t<div class=\"jet-woo-taxonomy-item__box-content\">\n\t\t\t<div class=\"jet-woo-taxonomy-item__box-inner\">\n\t\t\t\t<h2 class=\"jet-woo-taxonomy-item__box-title\">Christmas spirit<\/h2>\t\t\t<\/div>\n\t\t<\/div>\n\n\t\t<a href=\"https:\/\/www.duchateaueurope.be\/en\/product-category\/christmas\/christmas-spirit\/\" class=\"jet-woo-taxonomy-item__box-link\"  ><\/a>\n\t<\/div>\n<\/div>\n<div class=\"jet-woo-taxonomy-item\">\n\t<div class=\"jet-woo-taxonomy-item__box\" style=\"background-image:url('https:\/\/www.duchateaueurope.be\/wp-content\/uploads\/2022\/10\/Noel-11.jpg')\">\n\t\t<div class=\"jet-woo-taxonomy-item__box-content\">\n\t\t\t<div class=\"jet-woo-taxonomy-item__box-inner\">\n\t\t\t\t<h2 class=\"jet-woo-taxonomy-item__box-title\">Christmas trees<\/h2>\t\t\t<\/div>\n\t\t<\/div>\n\n\t\t<a href=\"https:\/\/www.duchateaueurope.be\/en\/product-category\/christmas\/christmas-trees\/\" class=\"jet-woo-taxonomy-item__box-link\"  ><\/a>\n\t<\/div>\n<\/div><\/div><\/div>\t\t\t\t<\/div>\n\t\t\t\t<\/div>\n\t\t\t\t<\/div>\n\t\t\t\t\t<\/div>\n\t\t\t\t<\/div>\n\t\t<div class=\"elementor-element elementor-element-c5c893f e-flex e-con-boxed e-con e-parent\" data-id=\"c5c893f\" data-element_type=\"container\" data-e-type=\"container\">\n\t\t\t\t\t<div class=\"e-con-inner\">\n\t\t<div class=\"elementor-element elementor-element-7948269 e-con-full e-flex e-con e-child\" data-id=\"7948269\" data-element_type=\"container\" data-e-type=\"container\">\n\t\t\t\t<div class=\"elementor-element elementor-element-c02c90f elementor-widget elementor-widget-jet-woo-taxonomy-tiles\" data-id=\"c02c90f\" data-element_type=\"widget\" data-e-type=\"widget\" data-widget_type=\"jet-woo-taxonomy-tiles.default\">\n\t\t\t\t<div class=\"elementor-widget-container\">\n\t\t\t\t\t<div class=\"elementor-jet-woo-taxonomy-tiles jet-woo-builder\"><div class=\"jet-woo-taxonomy-tiles jet-woo-taxonomy-tiles--layout-1-2 jet-woo-taxonomy-tiles-count--\" dir=\"ltr\">\n<div class=\"jet-woo-taxonomy-item\">\n\t<div class=\"jet-woo-taxonomy-item__box\" style=\"background-image:url('https:\/\/www.duchateaueurope.be\/wp-content\/uploads\/2022\/10\/bouquets.png')\">\n\t\t<div class=\"jet-woo-taxonomy-item__box-content\">\n\t\t\t<div class=\"jet-woo-taxonomy-item__box-inner\">\n\t\t\t\t<h2 class=\"jet-woo-taxonomy-item__box-title\">Bouquets<\/h2>\t\t\t<\/div>\n\t\t<\/div>\n\n\t\t<a href=\"https:\/\/www.duchateaueurope.be\/en\/product-category\/bouquets-en\/\" class=\"jet-woo-taxonomy-item__box-link\"  ><\/a>\n\t<\/div>\n<\/div>\n<div class=\"jet-woo-taxonomy-item\">\n\t<div class=\"jet-woo-taxonomy-item__box\" style=\"background-image:url('https:\/\/www.duchateaueurope.be\/wp-content\/uploads\/2022\/10\/fleurs.png')\">\n\t\t<div class=\"jet-woo-taxonomy-item__box-content\">\n\t\t\t<div class=\"jet-woo-taxonomy-item__box-inner\">\n\t\t\t\t<h2 class=\"jet-woo-taxonomy-item__box-title\">Flowers<\/h2>\t\t\t<\/div>\n\t\t<\/div>\n\n\t\t<a href=\"https:\/\/www.duchateaueurope.be\/en\/product-category\/flowers\/\" class=\"jet-woo-taxonomy-item__box-link\"  ><\/a>\n\t<\/div>\n<\/div>\n<div class=\"jet-woo-taxonomy-item\">\n\t<div class=\"jet-woo-taxonomy-item__box\" style=\"background-image:url('https:\/\/www.duchateaueurope.be\/wp-content\/uploads\/2022\/11\/Deuil-2.jpg')\">\n\t\t<div class=\"jet-woo-taxonomy-item__box-content\">\n\t\t\t<div class=\"jet-woo-taxonomy-item__box-inner\">\n\t\t\t\t<h2 class=\"jet-woo-taxonomy-item__box-title\">Funeral Arrangement<\/h2>\t\t\t<\/div>\n\t\t<\/div>\n\n\t\t<a href=\"https:\/\/www.duchateaueurope.be\/en\/product-category\/funeral-arrangement\/\" class=\"jet-woo-taxonomy-item__box-link\"  ><\/a>\n\t<\/div>\n<\/div><\/div><\/div>\t\t\t\t<\/div>\n\t\t\t\t<\/div>\n\t\t\t\t<\/div>\n\t\t\t\t\t<\/div>\n\t\t\t\t<\/div>\n\t\t<div class=\"elementor-element elementor-element-7798eb3 e-flex e-con-boxed e-con e-parent\" data-id=\"7798eb3\" data-element_type=\"container\" data-e-type=\"container\">\n\t\t\t\t\t<div class=\"e-con-inner\">\n\t\t<div class=\"elementor-element elementor-element-345dc20 e-con-full e-flex e-con e-child\" data-id=\"345dc20\" data-element_type=\"container\" data-e-type=\"container\">\n\t\t\t\t<div class=\"elementor-element elementor-element-54c293c elementor-widget elementor-widget-jet-woo-taxonomy-tiles\" data-id=\"54c293c\" data-element_type=\"widget\" data-e-type=\"widget\" data-widget_type=\"jet-woo-taxonomy-tiles.default\">\n\t\t\t\t<div class=\"elementor-widget-container\">\n\t\t\t\t\t<div class=\"elementor-jet-woo-taxonomy-tiles jet-woo-builder\"><div class=\"jet-woo-taxonomy-tiles jet-woo-taxonomy-tiles--layout-1-1-2-h jet-woo-taxonomy-tiles-count--\" dir=\"ltr\">\n<div class=\"jet-woo-taxonomy-item\">\n\t<div class=\"jet-woo-taxonomy-item__box\" style=\"background-image:url('https:\/\/www.duchateaueurope.be\/wp-content\/uploads\/2022\/10\/Plantes-05.jpg')\">\n\t\t<div class=\"jet-woo-taxonomy-item__box-content\">\n\t\t\t<div class=\"jet-woo-taxonomy-item__box-inner\">\n\t\t\t\t<h2 class=\"jet-woo-taxonomy-item__box-title\">Plants<\/h2>\t\t\t<\/div>\n\t\t<\/div>\n\n\t\t<a href=\"https:\/\/www.duchateaueurope.be\/en\/product-category\/plants\/\" class=\"jet-woo-taxonomy-item__box-link\"  ><\/a>\n\t<\/div>\n<\/div>\n<div class=\"jet-woo-taxonomy-item\">\n\t<div class=\"jet-woo-taxonomy-item__box\" style=\"background-image:url('https:\/\/www.duchateaueurope.be\/wp-content\/uploads\/2022\/10\/Cartes-de-voeux.jpg')\">\n\t\t<div class=\"jet-woo-taxonomy-item__box-content\">\n\t\t\t<div class=\"jet-woo-taxonomy-item__box-inner\">\n\t\t\t\t<h2 class=\"jet-woo-taxonomy-item__box-title\">Greeting cards<\/h2>\t\t\t<\/div>\n\t\t<\/div>\n\n\t\t<a href=\"https:\/\/www.duchateaueurope.be\/en\/product-category\/greeting-cards\/\" class=\"jet-woo-taxonomy-item__box-link\"  ><\/a>\n\t<\/div>\n<\/div>\n<div class=\"jet-woo-taxonomy-item\">\n\t<div class=\"jet-woo-taxonomy-item__box\" style=\"background-image:url('https:\/\/www.duchateaueurope.be\/wp-content\/uploads\/2022\/10\/Gourmandises-01.jpg')\">\n\t\t<div class=\"jet-woo-taxonomy-item__box-content\">\n\t\t\t<div class=\"jet-woo-taxonomy-item__box-inner\">\n\t\t\t\t<h2 class=\"jet-woo-taxonomy-item__box-title\">Delicacies &amp; Spirits<\/h2>\t\t\t<\/div>\n\t\t<\/div>\n\n\t\t<a href=\"https:\/\/www.duchateaueurope.be\/en\/product-category\/delicacies-spirits\/\" class=\"jet-woo-taxonomy-item__box-link\"  ><\/a>\n\t<\/div>\n<\/div>\n<div class=\"jet-woo-taxonomy-item\">\n\t<div class=\"jet-woo-taxonomy-item__box\" style=\"background-image:url('https:\/\/www.duchateaueurope.be\/wp-content\/uploads\/2022\/10\/Deco-01.jpg')\">\n\t\t<div class=\"jet-woo-taxonomy-item__box-content\">\n\t\t\t<div class=\"jet-woo-taxonomy-item__box-inner\">\n\t\t\t\t<h2 class=\"jet-woo-taxonomy-item__box-title\">Decoration<\/h2>\t\t\t<\/div>\n\t\t<\/div>\n\n\t\t<a href=\"https:\/\/www.duchateaueurope.be\/en\/product-category\/decoration\/\" class=\"jet-woo-taxonomy-item__box-link\"  ><\/a>\n\t<\/div>\n<\/div><\/div><\/div>\t\t\t\t<\/div>\n\t\t\t\t<\/div>\n\t\t\t\t<\/div>\n\t\t\t\t\t<\/div>\n\t\t\t\t<\/div>\n\t\t\t\t<\/div>\n\t\t","protected":false},"excerpt":{"rendered":"<p>Esprit de No\u00ebl No\u00ebl Bouquets Condol\u00e9ances Fleurs Plantes Gourmandises &amp; Spiritueux D\u00e9co Cartes de v\u0153ux<\/p>\n","protected":false},"author":1,"featured_media":0,"parent":0,"menu_order":0,"comment_status":"closed","ping_status":"closed","template":"elementor_header_footer","meta":{"inline_featured_image":false,"_lmt_disableupdate":"","_lmt_disable":"","footnotes":""},"class_list":["post-13878","page","type-page","status-publish","hentry"],"_links":{"self":[{"href":"https:\/\/www.duchateaueurope.be\/en\/wp-json\/wp\/v2\/pages\/13878","targetHints":{"allow":["GET"]}}],"collection":[{"href":"https:\/\/www.duchateaueurope.be\/en\/wp-json\/wp\/v2\/pages"}],"about":[{"href":"https:\/\/www.duchateaueurope.be\/en\/wp-json\/wp\/v2\/types\/page"}],"author":[{"embeddable":true,"href":"https:\/\/www.duchateaueurope.be\/en\/wp-json\/wp\/v2\/users\/1"}],"replies":[{"embeddable":true,"href":"https:\/\/www.duchateaueurope.be\/en\/wp-json\/wp\/v2\/comments?post=13878"}],"version-history":[{"count":2,"href":"https:\/\/www.duchateaueurope.be\/en\/wp-json\/wp\/v2\/pages\/13878\/revisions"}],"predecessor-version":[{"id":25562,"href":"https:\/\/www.duchateaueurope.be\/en\/wp-json\/wp\/v2\/pages\/13878\/revisions\/25562"}],"wp:attachment":[{"href":"https:\/\/www.duchateaueurope.be\/en\/wp-json\/wp\/v2\/media?parent=13878"}],"curies":[{"name":"wp","href":"https:\/\/api.w.org\/{rel}","templated":true}]}}