{"id":15603,"date":"2022-10-13T16:49:26","date_gmt":"2022-10-13T14:49:26","guid":{"rendered":"https:\/\/www.duchateaueurope.be\/produit\/champagne-moet-chandon-nectar-imperial-gift-box-75cl\/"},"modified":"2022-11-25T19:10:57","modified_gmt":"2022-11-25T18:10:57","slug":"champagne-moet-chandon-nectar-imperial-gift-box-75cl","status":"publish","type":"product","link":"https:\/\/www.duchateaueurope.be\/en\/shop\/champagne-moet-chandon-nectar-imperial-gift-box-75cl\/","title":{"rendered":"Champagne &#8211; Mo\u00ebt &#038; Chandon Nectar Imp\u00e9rial Gift Box &#8211; 75cl"},"content":{"rendered":"","protected":false},"excerpt":{"rendered":"<p>Nectar Imp\u00e9rial is a delicious expression of the Mo\u00ebt &#038; Chandon style, a style notable for its bright fruitiness, seductive mouthfeel and elegant maturity.<\/p>\n","protected":false},"featured_media":10930,"template":"","meta":{"inline_featured_image":false,"_lmt_disableupdate":"","_lmt_disable":""},"product_brand":[],"product_cat":[246,240],"product_tag":[263,266,267],"class_list":{"0":"post-15603","1":"product","2":"type-product","3":"status-publish","4":"has-post-thumbnail","6":"product_cat-wine-spirits-and-champagnes","7":"product_cat-delicacies-spirits","8":"product_tag-cat-ok-en","9":"product_tag-desc-ok-en","10":"product_tag-photo-ok-en","12":"first","13":"instock","14":"taxable","15":"shipping-taxable","16":"purchasable","17":"product-type-simple"},"_links":{"self":[{"href":"https:\/\/www.duchateaueurope.be\/en\/wp-json\/wp\/v2\/product\/15603","targetHints":{"allow":["GET"]}}],"collection":[{"href":"https:\/\/www.duchateaueurope.be\/en\/wp-json\/wp\/v2\/product"}],"about":[{"href":"https:\/\/www.duchateaueurope.be\/en\/wp-json\/wp\/v2\/types\/product"}],"version-history":[{"count":0,"href":"https:\/\/www.duchateaueurope.be\/en\/wp-json\/wp\/v2\/product\/15603\/revisions"}],"wp:featuredmedia":[{"embeddable":true,"href":"https:\/\/www.duchateaueurope.be\/en\/wp-json\/wp\/v2\/media\/10930"}],"wp:attachment":[{"href":"https:\/\/www.duchateaueurope.be\/en\/wp-json\/wp\/v2\/media?parent=15603"}],"wp:term":[{"taxonomy":"product_brand","embeddable":true,"href":"https:\/\/www.duchateaueurope.be\/en\/wp-json\/wp\/v2\/product_brand?post=15603"},{"taxonomy":"product_cat","embeddable":true,"href":"https:\/\/www.duchateaueurope.be\/en\/wp-json\/wp\/v2\/product_cat?post=15603"},{"taxonomy":"product_tag","embeddable":true,"href":"https:\/\/www.duchateaueurope.be\/en\/wp-json\/wp\/v2\/product_tag?post=15603"}],"curies":[{"name":"wp","href":"https:\/\/api.w.org\/{rel}","templated":true}]}}