{"id":8014,"date":"2022-10-13T12:15:39","date_gmt":"2022-10-13T10:15:39","guid":{"rendered":"https:\/\/www.duchateaueurope.be\/?page_id=8014"},"modified":"2022-10-26T13:07:32","modified_gmt":"2022-10-26T11:07:32","slug":"politique-de-confidentialite","status":"publish","type":"page","link":"https:\/\/www.duchateaueurope.be\/fr\/livraison-de-fleurs\/politique-de-confidentialite\/","title":{"rendered":"Politique de confidentialit\u00e9"},"content":{"rendered":"\t\t<div data-elementor-type=\"wp-page\" data-elementor-id=\"8014\" class=\"elementor elementor-8014\" data-elementor-post-type=\"page\">\n\t\t\t\t\t\t<section class=\"elementor-section elementor-top-section elementor-element elementor-element-3919f50 elementor-section-full_width elementor-section-height-default elementor-section-height-default\" data-id=\"3919f50\" data-element_type=\"section\" data-e-type=\"section\" data-settings=\"{&quot;background_background&quot;:&quot;classic&quot;}\">\n\t\t\t\t\t\t\t<div class=\"elementor-background-overlay\"><\/div>\n\t\t\t\t\t\t\t<div class=\"elementor-container elementor-column-gap-default\">\n\t\t\t\t\t<div class=\"elementor-column elementor-col-100 elementor-top-column elementor-element elementor-element-857e967\" data-id=\"857e967\" data-element_type=\"column\" data-e-type=\"column\" data-settings=\"{&quot;background_background&quot;:&quot;classic&quot;}\">\n\t\t\t<div class=\"elementor-widget-wrap elementor-element-populated\">\n\t\t\t\t\t\t<div class=\"elementor-element elementor-element-ccadbf9 elementor-invisible elementor-widget elementor-widget-heading\" data-id=\"ccadbf9\" data-element_type=\"widget\" data-e-type=\"widget\" data-settings=\"{&quot;_animation&quot;:&quot;fadeIn&quot;,&quot;_animation_delay&quot;:700}\" data-widget_type=\"heading.default\">\n\t\t\t\t<div class=\"elementor-widget-container\">\n\t\t\t\t\t<h3 class=\"elementor-heading-title elementor-size-default\">Politique de confidentialit\u00e9<\/h3>\t\t\t\t<\/div>\n\t\t\t\t<\/div>\n\t\t\t\t\t<\/div>\n\t\t<\/div>\n\t\t\t\t\t<\/div>\n\t\t<\/section>\n\t\t\t\t<section class=\"elementor-section elementor-top-section elementor-element elementor-element-f3936a6 elementor-section-boxed elementor-section-height-default elementor-section-height-default\" data-id=\"f3936a6\" data-element_type=\"section\" data-e-type=\"section\">\n\t\t\t\t\t\t<div class=\"elementor-container elementor-column-gap-default\">\n\t\t\t\t\t<div class=\"elementor-column elementor-col-100 elementor-top-column elementor-element elementor-element-09472c2\" data-id=\"09472c2\" data-element_type=\"column\" data-e-type=\"column\">\n\t\t\t<div class=\"elementor-widget-wrap elementor-element-populated\">\n\t\t\t\t\t\t<div class=\"elementor-element elementor-element-d2b8b71 elementor-widget elementor-widget-text-editor\" data-id=\"d2b8b71\" data-element_type=\"widget\" data-e-type=\"widget\" data-widget_type=\"text-editor.default\">\n\t\t\t\t<div class=\"elementor-widget-container\">\n\t\t\t\t\t\t\t\t\t<p>Anne Duch\u00e2teau Europe, situ\u00e9 Avenue G. E. Lebon 175, 1150 Bruxelles, Belgique, est responsable du traitement des donn\u00e9es personnelles comme indiqu\u00e9 dans cette d\u00e9claration de confidentialit\u00e9.<\/p><h3>D\u00e9tails du contact:<\/h3><p>Anne Duch\u00e2teau Europe<br \/>Avenue G. E. Lebon 175<br \/>1150 Bruxelles<br \/>Belgique<\/p><p>T\u00e9l\u00e9phone: +32 (0)2 733 50 82<\/p><p>Mme. Bosquet est la d\u00e9l\u00e9gu\u00e9e \u00e0 la protection des donn\u00e9es d&rsquo;Anne Duch\u00e2teau Europe. Elle peut \u00eatre contact\u00e9e via flowers@duchateau.be.<\/p><h3>Donn\u00e9es personnelles que nous traitons<\/h3><p>Anne Duch\u00e2teau Europe traite vos donn\u00e9es personnelles parce que vous utilisez nos services et \/ ou parce que vous les fournissez vous-m\u00eame. Ci-dessous vous trouverez un aper\u00e7u des donn\u00e9es personnelles que nous traitons:<\/p><ul><li>Pr\u00e9nom et nom<\/li><li>Sexe<\/li><li>Date de naissance<\/li><li>Donn\u00e9es d\u2019adresse<\/li><li>Num\u00e9ro de t\u00e9l\u00e9phone<\/li><li>Adresse e-mail<\/li><li>Adresse IP<\/li><li>Autres donn\u00e9es personnelles que vous fournissez activement, par exemple en cr\u00e9ant un profil sur ce site Web, par correspondance et par t\u00e9l\u00e9phone<\/li><li>Donn\u00e9es de localisation<\/li><li>Informations sur vos activit\u00e9s sur notre site Web<\/li><li>Informations sur votre comportement de navigation sur divers sites Web (par exemple parce que cette soci\u00e9t\u00e9 fait partie d\u2019un r\u00e9seau publicitaire)<\/li><li>Navigateur Internet et type d\u2019appareil<\/li><\/ul><h3>Donn\u00e9es personnelles sp\u00e9ciales et \/ ou sensibles que nous traitons<\/h3><p>Notre site Web et \/ ou service n\u2019a pas l\u2019intention de collecter des donn\u00e9es sur les visiteurs du site Web \u00e2g\u00e9s de moins de 16 ans. Sauf s\u2019ils ont la permission de leurs parents ou tuteurs. Cependant, nous ne pouvons pas v\u00e9rifier si un visiteur a plus de 16 ans. Nous conseillons donc aux parents de s\u2019impliquer dans les activit\u00e9s en ligne de leurs enfants, afin d\u2019\u00e9viter que des donn\u00e9es sur les enfants ne soient collect\u00e9es sans le consentement des parents. Si vous \u00eates convaincu que nous avons collect\u00e9 des informations personnelles sur un mineur sans cette autorisation, veuillez nous contacter \u00e0 flowers@duchateau.be et nous supprimerons ces informations.<\/p><h3>Dans quel but et sur quelle base nous traitons les donn\u00e9es personnelles<\/h3><p>Anne Duch\u00e2teau Europe traite vos donn\u00e9es personnelles aux fins suivantes:<\/p><ul><li>Traitement de votre paiement<\/li><li>Envoi de notre newsletter et \/ ou brochure publicitaire<\/li><li>Pour pouvoir vous appeler ou vous envoyer un e-mail si n\u00e9cessaire pour r\u00e9aliser nos services<\/li><li>Pour vous informer des modifications apport\u00e9es \u00e0 nos services et produits<\/li><li>Pour vous offrir la possibilit\u00e9 de cr\u00e9er un compte<\/li><li>Pour vous livrer des biens et services Anne Duch\u00e2teau Europe analyse votre comportement sur le site Web afin d\u2019am\u00e9liorer le site Web et d\u2019adapter la gamme de produits et services \u00e0 vos pr\u00e9f\u00e9rences.<\/li><li>Anne Duch\u00e2teau Europe suit votre comportement de navigation sur divers sites Web avec lesquels nous adaptons nos produits et services \u00e0 vos besoins.<\/li><li>Anne Duch\u00e2teau Europe traite \u00e9galement des donn\u00e9es personnelles si nous sommes l\u00e9galement tenus de le faire, telles que les informations dont nous avons besoin pour notre d\u00e9claration de revenus.<\/li><\/ul><h3>Prise de d\u00e9cision automatis\u00e9e<\/h3><p>Anne Duch\u00e2teau Europe prend des d\u00e9cisions bas\u00e9es sur un traitement automatis\u00e9 sur des sujets pouvant avoir des cons\u00e9quences (importantes) pour les personnes. Il s\u2019agit de d\u00e9cisions prises par des programmes ou des syst\u00e8mes informatiques, sans impliquer une personne (par exemple, un employ\u00e9 de Anne Duch\u00e2teau Europe). Anne Duch\u00e2teau Europe utilise les programmes ou syst\u00e8mes informatiques suivants:<\/p><ul><li>Google Analytics<\/li><li>Bing Webmaster Tools<\/li><li>Matomo Analytics<\/li><li>AddThis<\/li><li>Youtube<\/li><li>HotJar<\/li><li>Audience personnalis\u00e9e Facebook<\/li><li>Instagram<\/li><li>LinkedIn Analytics<\/li><li>Twitter Analytics<\/li><li>Suivi de conversion Pinterest<\/li><li>Tiktok<\/li><\/ul><p><strong>Combien de temps nous conservons les donn\u00e9es personnelles<\/strong><\/p><p>Anne Duch\u00e2teau Europe ne stocke pas vos donn\u00e9es personnelles plus longtemps que ce qui est strictement n\u00e9cessaire pour atteindre les finalit\u00e9s pour lesquelles vos donn\u00e9es sont collect\u00e9es. Nous utilisons les p\u00e9riodes de conservation suivantes pour les (cat\u00e9gories) de donn\u00e9es personnelles suivantes: 2 ans<\/p><h3>Partage de donn\u00e9es personnelles avec des tiers<\/h3><p>Anne Duch\u00e2teau Europe ne vend pas vos informations \u00e0 des tiers et ne les fournit que si cela est n\u00e9cessaire pour l\u2019ex\u00e9cution de notre accord avec vous ou pour nous conformer \u00e0 une obligation l\u00e9gale. Nous concluons un accord de traitement avec des entreprises qui traitent vos donn\u00e9es en notre nom afin d\u2019assurer le m\u00eame niveau de s\u00e9curit\u00e9 et de confidentialit\u00e9 de vos donn\u00e9es. Anne Duch\u00e2teau Europe reste responsable de ces traitements.<\/p><h3>Cookies, ou techniques similaires, que nous utilisons<\/h3><p>Anne Duch\u00e2teau Europe utilise des cookies fonctionnels, analytiques et de suivi. Un cookie est un petit fichier texte qui est stock\u00e9 dans le navigateur de votre ordinateur, tablette ou smartphone lors de votre premi\u00e8re visite sur ce site. Anne Duch\u00e2teau Europe utilise des cookies avec une fonctionnalit\u00e9 purement technique. Ceux-ci garantissent que le site Web fonctionne correctement et que, par exemple, vos param\u00e8tres pr\u00e9f\u00e9r\u00e9s sont m\u00e9moris\u00e9s. Ces cookies sont \u00e9galement utilis\u00e9s pour faire fonctionner correctement le site Web et pour l\u2019optimiser. De plus, nous pla\u00e7ons des cookies qui gardent une trace de votre comportement de navigation afin que nous puissions offrir un contenu et des publicit\u00e9s personnalis\u00e9s. Lors de votre premi\u00e8re visite sur notre site Web, nous vous avons d\u00e9j\u00e0 inform\u00e9 de ces cookies et demand\u00e9 l\u2019autorisation de les placer. Vous pouvez d\u00e9sactiver les cookies en configurant votre navigateur Internet afin qu\u2019il ne stocke plus de cookies. De plus, vous pouvez \u00e9galement supprimer toutes les informations pr\u00e9c\u00e9demment enregistr\u00e9es via les param\u00e8tres de votre navigateur. Consultez notre politique de cookies pour plus d\u2019informations.<\/p><p>Des cookies sont \u00e9galement plac\u00e9s sur ce site Web par des tiers. Il s\u2019agit, par exemple, des annonceurs et \/ ou des soci\u00e9t\u00e9s de m\u00e9dias sociaux.<\/p><h3>Afficher, modifier ou supprimer des donn\u00e9es<\/h3><p>Vous avez le droit de consulter, de corriger ou de supprimer vos donn\u00e9es personnelles. Vous avez \u00e9galement le droit de retirer votre consentement au traitement des donn\u00e9es ou de vous opposer au traitement de vos donn\u00e9es personnelles par Anne Duch\u00e2teau Europe et vous avez le droit \u00e0 la portabilit\u00e9 des donn\u00e9es. Cela signifie que vous pouvez nous soumettre une demande d\u2019envoi des donn\u00e9es personnelles que nous d\u00e9tenons \u00e0 votre sujet dans un fichier informatique \u00e0 vous ou \u00e0 une autre organisation que vous avez mentionn\u00e9e. Vous pouvez envoyer une demande d\u2019acc\u00e8s, de correction, de suppression, de transfert de donn\u00e9es de vos donn\u00e9es personnelles ou une demande d\u2019annulation de votre consentement ou d\u2019opposition au traitement de vos donn\u00e9es personnelles \u00e0 flowers@duchateau.be. Pour vous assurer que la demande d\u2019acc\u00e8s a bien \u00e9t\u00e9 faite par vous, nous vous demandons d\u2019envoyer une copie de votre pi\u00e8ce d\u2019identit\u00e9 avec la demande. Mettez votre photo d\u2019identit\u00e9 et votre num\u00e9ro de carte d\u2019identit\u00e9 en noir sur cette copie. C\u2019est pour prot\u00e9ger votre vie priv\u00e9e. Nous r\u00e9pondrons \u00e0 votre demande dans les plus brefs d\u00e9lais, mais dans un d\u00e9lai de quatre semaines. Anne Duch\u00e2teau Europe tient \u00e9galement \u00e0 souligner que vous avez la possibilit\u00e9 de d\u00e9poser une plainte aupr\u00e8s de l\u2019Autorit\u00e9 belge de protection des donn\u00e9es, Drukpersstraat 35, 1000 Bruxelles, T\u00e9l +32 (0) 2274 48 00, Fax +32 (0) 2 274 48 35, e-mail: commission@privacycommission.be<\/p><h3>Comment nous s\u00e9curisons les donn\u00e9es personnelles<\/h3><p>Anne Duch\u00e2teau Europe prend la protection de vos donn\u00e9es au s\u00e9rieux et prend les mesures appropri\u00e9es pour \u00e9viter toute utilisation abusive, perte, acc\u00e8s non autoris\u00e9, divulgation non d\u00e9sir\u00e9e et modification non autoris\u00e9e. Si vous avez l\u2019impression que vos donn\u00e9es ne sont pas correctement s\u00e9curis\u00e9es ou s\u2019il y a des indices d\u2019abus, veuillez contacter notre service client ou via flowers@duchateau.be.<\/p>\t\t\t\t\t\t\t\t<\/div>\n\t\t\t\t<\/div>\n\t\t\t\t\t<\/div>\n\t\t<\/div>\n\t\t\t\t\t<\/div>\n\t\t<\/section>\n\t\t\t\t<section class=\"elementor-section elementor-top-section elementor-element elementor-element-bc35d1b elementor-section-full_width elementor-section-height-default elementor-section-height-default\" data-id=\"bc35d1b\" data-element_type=\"section\" data-e-type=\"section\" data-settings=\"{&quot;background_background&quot;:&quot;classic&quot;}\">\n\t\t\t\t\t\t\t<div class=\"elementor-background-overlay\"><\/div>\n\t\t\t\t\t\t\t<div class=\"elementor-container elementor-column-gap-default\">\n\t\t\t\t\t<div class=\"elementor-column elementor-col-100 elementor-top-column elementor-element elementor-element-4ffdb7f\" data-id=\"4ffdb7f\" data-element_type=\"column\" data-e-type=\"column\" data-settings=\"{&quot;background_background&quot;:&quot;classic&quot;}\">\n\t\t\t<div class=\"elementor-widget-wrap elementor-element-populated\">\n\t\t\t\t\t\t<div class=\"elementor-element elementor-element-71f5bc3 elementor-invisible elementor-widget elementor-widget-heading\" data-id=\"71f5bc3\" data-element_type=\"widget\" data-e-type=\"widget\" data-settings=\"{&quot;_animation&quot;:&quot;fadeIn&quot;,&quot;_animation_delay&quot;:700}\" data-widget_type=\"heading.default\">\n\t\t\t\t<div class=\"elementor-widget-container\">\n\t\t\t\t\t<h3 class=\"elementor-heading-title elementor-size-default\">Politique en mati\u00e8re de cookies<\/h3>\t\t\t\t<\/div>\n\t\t\t\t<\/div>\n\t\t\t\t\t<\/div>\n\t\t<\/div>\n\t\t\t\t\t<\/div>\n\t\t<\/section>\n\t\t\t\t<section class=\"elementor-section elementor-top-section elementor-element elementor-element-9bee676 elementor-section-boxed elementor-section-height-default elementor-section-height-default\" data-id=\"9bee676\" data-element_type=\"section\" data-e-type=\"section\">\n\t\t\t\t\t\t<div class=\"elementor-container elementor-column-gap-default\">\n\t\t\t\t\t<div class=\"elementor-column elementor-col-100 elementor-top-column elementor-element elementor-element-691ad52\" data-id=\"691ad52\" data-element_type=\"column\" data-e-type=\"column\">\n\t\t\t<div class=\"elementor-widget-wrap elementor-element-populated\">\n\t\t\t\t\t\t<div class=\"elementor-element elementor-element-0a1b266 elementor-widget elementor-widget-text-editor\" data-id=\"0a1b266\" data-element_type=\"widget\" data-e-type=\"widget\" data-widget_type=\"text-editor.default\">\n\t\t\t\t<div class=\"elementor-widget-container\">\n\t\t\t\t\t\t\t\t\t<h3>L\u2019utilisation de cookies<\/h3><p>Anne Duch\u00e2teau Europe utilise des cookies. Un cookie est un simple petit fichier qui est envoy\u00e9 avec les pages de ce site Web et \/ ou des applications Flash et est stock\u00e9 par votre navigateur sur le disque dur de votre ordinateur, t\u00e9l\u00e9phone portable, smartwatch ou tablette. Les informations qui y sont stock\u00e9es peuvent \u00eatre renvoy\u00e9es \u00e0 nos serveurs lors d\u2019une visite ult\u00e9rieure.<\/p><p>L\u2019utilisation de cookies est tr\u00e8s importante pour le bon fonctionnement de notre site Web, mais les cookies dont vous ne voyez pas imm\u00e9diatement l\u2019effet sont \u00e9galement tr\u00e8s importants. Gr\u00e2ce \u00e0 la contribution (anonyme) des visiteurs, nous pouvons am\u00e9liorer l\u2019utilisation du site Web et le rendre plus convivial.<\/p><h3>Consentement \u00e0 l\u2019utilisation de cookies<\/h3><p>Votre autorisation est requise pour l\u2019utilisation de certains cookies. Nous faisons cela au moyen d\u2019une soi-disant banni\u00e8re de cookies.<\/p><h3>Le type de cookies utilis\u00e9s et leurs objectifs<\/h3><p>Nous utilisons les types de cookies suivants :<\/p><ul><li>Cookies fonctionnels: avec cela, nous pouvons am\u00e9liorer le fonctionnement du site Web et le rendre plus convivial pour le visiteur. Par exemple: nous stockons vos informations de connexion ou ce que vous avez mis dans votre panier.<\/li><li>Cookies analytiques anonymes: ils garantissent qu\u2019un cookie anonyme est g\u00e9n\u00e9r\u00e9 \u00e0 chaque fois que vous visitez un site Web. Ces cookies savent si vous avez d\u00e9j\u00e0 visit\u00e9 le site ou non. Seulement lors de la premi\u00e8re visite, un cookie est cr\u00e9\u00e9, lors des visites ult\u00e9rieures, le cookie existant est utilis\u00e9. Ce cookie est uniquement \u00e0 des fins statistiques. Par exemple, les donn\u00e9es suivantes peuvent \u00eatre collect\u00e9es :<ul><li>le nombre de visiteurs uniques<\/li><li>la fr\u00e9quence \u00e0 laquelle les utilisateurs visitent le site<\/li><li>quelles pages les utilisateurs consultent<\/li><li>combien de temps les utilisateurs consultent une page particuli\u00e8re<\/li><li>\u00e0 quelle page les visiteurs quittent le site<\/li><\/ul><\/li><li>Cookies analytiques: ils garantissent qu\u2019un cookie est g\u00e9n\u00e9r\u00e9 \u00e0 chaque fois que vous visitez un site Web. Ces cookies savent si vous avez d\u00e9j\u00e0 visit\u00e9 le site ou non. Seulement lors de la premi\u00e8re visite, un cookie est cr\u00e9\u00e9, lors des visites ult\u00e9rieures, le cookie existant est utilis\u00e9. Ce cookie est uniquement \u00e0 des fins statistiques. Par exemple, les donn\u00e9es suivantes peuvent \u00eatre collect\u00e9es, telles que :<ul><li>quelles pages vous avez consult\u00e9es<\/li><li>combien de temps vous \u00eates rest\u00e9 sur une page particuli\u00e8re<\/li><li>\u00e0 quelle page vous avez quitt\u00e9 le site<\/li><\/ul><\/li><li>Cookies de suivi propres: cela nous permet de savoir qu\u2019en plus de notre site Web, vous avez \u00e9galement visit\u00e9 les autres sites Web pertinents de notre r\u00e9seau. Le profil r\u00e9sultant n\u2019est pas li\u00e9 \u00e0 votre nom, adresse, adresse e-mail, etc., mais sert uniquement \u00e0 faire correspondre les publicit\u00e9s \u00e0 votre profil, afin qu\u2019elles soient aussi pertinentes que possible pour vous. Nous demandons votre permission pour ces cookies. Ces cookies ne sont donc pas plac\u00e9s sans votre autorisation.<\/li><li>Suivi des cookies de tiers: cela permet de suivre les pages que vous visitez sur Internet afin de cr\u00e9er votre profil personnel. Ce profil n\u2019est pas li\u00e9 \u00e0 votre nom, adresse, adresse e-mail, etc. comme nous le connaissons, mais sert uniquement \u00e0 faire correspondre les publicit\u00e9s \u00e0 votre profil afin qu\u2019elles soient aussi pertinentes que possible pour vous. Nous demandons votre permission pour ces cookies. Ces cookies ne sont donc pas plac\u00e9s sans votre autorisation.<\/li><li>Cookies li\u00e9s aux r\u00e9seaux sociaux: avec cela, les r\u00e9seaux sociaux tels que Facebook et LinkedIn enregistrent les articles et pages que vous partagez via leurs boutons de partage de r\u00e9seaux sociaux. Ils peuvent \u00e9galement contenir des cookies de suivi qui suivent votre comportement de navigation sur le Web.<\/li><li>Cookies d\u2019am\u00e9lioration du site: avec cela, nous pouvons tester diff\u00e9rentes versions d\u2019une page Web pour voir quelle page est la mieux visit\u00e9e.<\/li><\/ul><h3>Vos droits concernant vos donn\u00e9es<\/h3><p>Vous avez le droit d\u2019inspecter, de rectifier, de limiter et de supprimer les donn\u00e9es personnelles. Vous avez \u00e9galement le droit de vous opposer au traitement des donn\u00e9es personnelles et le droit \u00e0 la portabilit\u00e9 des donn\u00e9es. Vous pouvez exercer ces droits en nous envoyant un email \u00e0 flowers@duchateau.be. Pour \u00e9viter les abus, nous pouvons vous demander de vous identifier de mani\u00e8re ad\u00e9quate. Lorsqu\u2019il s\u2019agit d\u2019acc\u00e9der aux donn\u00e9es personnelles li\u00e9es \u00e0 un cookie, nous vous demandons d\u2019envoyer une copie du cookie en question. Vous pouvez le trouver dans les param\u00e8tres de votre navigateur.<\/p><h3>Bloquer et supprimer les cookies<\/h3><p>Vous pouvez facilement bloquer et supprimer vous-m\u00eame les cookies \u00e0 tout moment via votre navigateur Internet. Vous pouvez \u00e9galement configurer votre navigateur Internet de mani\u00e8re \u00e0 recevoir un message lorsqu\u2019un cookie est plac\u00e9. Vous pouvez \u00e9galement indiquer que certains cookies peuvent ne pas \u00eatre plac\u00e9s. Affichez la fonction d\u2019aide de votre navigateur pour cette option. Si vous supprimez les cookies de votre navigateur, cela peut avoir des cons\u00e9quences sur l\u2019utilisation agr\u00e9able de ce site Web.<\/p><p>Certains cookies de suivi sont plac\u00e9s par des tiers qui, entre autres, vous montrent des publicit\u00e9s via notre site Web. Vous pouvez supprimer ces cookies de mani\u00e8re centralis\u00e9e via www.youronlinechoices.eu.<\/p><p>Veuillez noter que si vous ne souhaitez pas de cookies, nous ne pouvons plus garantir que notre site Web fonctionnera correctement. Il se peut que certaines fonctions du site soient perdues ou m\u00eame que vous ne puissiez plus du tout visiter le site. De plus, refuser les cookies ne signifie pas que vous ne verrez plus du tout de publicit\u00e9s. Les publicit\u00e9s ne sont alors plus adapt\u00e9es \u00e0 vos centres d\u2019int\u00e9r\u00eat et peuvent donc \u00eatre r\u00e9p\u00e9t\u00e9es plus souvent.<\/p><p>La fa\u00e7on dont vous pouvez ajuster vos param\u00e8tres diff\u00e8re selon le navigateur. Si n\u00e9cessaire, consultez la fonction d\u2019aide de votre navigateur, ou cliquez sur l\u2019un des liens ci-dessous pour acc\u00e9der directement au manuel de votre navigateur.<\/p><ul><li>Firefox: https:\/\/support.mozilla.org\/nl\/kb\/cookies-verwijderen-gegevens-wissen-websites-opgeslagen<\/li><li>Google Chrome: https:\/\/support.google.com\/chrome\/answer\/95647?co=GENIE.Platform=Desktop&amp;amp;hl=nl<\/li><li>Internet Explorer: https:\/\/support.microsoft.com\/nl-nl\/kb\/278835<\/li><li>Safari sur smartphone: https:\/\/support.apple.com\/nl-nl\/HT201265<\/li><li>Safari sur Mac: https:\/\/support.apple.com\/nl-be\/guide\/safari\/sfri11471\/mac<\/li><\/ul><h3>Nouveaux d\u00e9veloppements et cookies impr\u00e9vus<\/h3><p>Les textes de notre site Web peuvent \u00eatre modifi\u00e9s \u00e0 tout moment en raison de d\u00e9veloppements continus. Cela s\u2019applique \u00e9galement \u00e0 notre d\u00e9claration relative aux cookies. Par cons\u00e9quent, veuillez lire cette d\u00e9claration r\u00e9guli\u00e8rement pour rester inform\u00e9 de tout changement.<\/p><p>Dans les articles de blog, il est possible d\u2019utiliser du contenu h\u00e9berg\u00e9 sur d\u2019autres sites et rendu accessible sur Anne Duch\u00e2teau Europe au moyen de certains codes (contenu int\u00e9gr\u00e9). Pensez aux vid\u00e9os YouTube, par exemple. Ces codes utilisent souvent des cookies. Cependant, nous n\u2019avons aucun contr\u00f4le sur ce que ces tiers font avec leurs cookies.<\/p><p>Il est \u00e9galement possible que des cookies soient plac\u00e9s via nos sites Web par des tiers, dont nous ne sommes pas toujours au courant. Rencontrez-vous des cookies impr\u00e9vus sur notre site Web que vous ne trouvez pas dans notre aper\u00e7u? Faites-nous savoir via flowers@duchateau.be. Vous pouvez \u00e9galement contacter directement le tiers et lui demander quels cookies ils ont plac\u00e9s, quelle en est la raison, quelle est la dur\u00e9e de vie du cookie et comment ils ont garanti votre confidentialit\u00e9.<\/p><h3>Remarques finales<\/h3><p>Nous devrons ajuster ces d\u00e9clarations de temps \u00e0 autre, par exemple lorsque nous ajusterons notre site Web ou modifierons les r\u00e8gles relatives aux cookies. Vous pouvez consulter cette page Web pour la derni\u00e8re version.<\/p><p>Si vous avez des questions et \/ ou des commentaires, veuillez contacter flowers@duchateau.be.<\/p>\t\t\t\t\t\t\t\t<\/div>\n\t\t\t\t<\/div>\n\t\t\t\t<div class=\"elementor-element elementor-element-6492ef6 elementor-widget elementor-widget-text-editor\" data-id=\"6492ef6\" data-element_type=\"widget\" data-e-type=\"widget\" data-widget_type=\"text-editor.default\">\n\t\t\t\t<div class=\"elementor-widget-container\">\n\t\t\t\t\t\t\t\t\t<p>Derni\u00e8re mise-\u00e0-jour : le 26 octobre 2022<\/p>\t\t\t\t\t\t\t\t<\/div>\n\t\t\t\t<\/div>\n\t\t\t\t\t<\/div>\n\t\t<\/div>\n\t\t\t\t\t<\/div>\n\t\t<\/section>\n\t\t\t\t<\/div>\n\t\t","protected":false},"excerpt":{"rendered":"<p>Politique de confidentialit\u00e9 Anne Duch\u00e2teau Europe, situ\u00e9 Avenue G. E. Lebon 175, 1150 Bruxelles, Belgique, est responsable du traitement des donn\u00e9es personnelles comme indiqu\u00e9 dans cette d\u00e9claration de confidentialit\u00e9. D\u00e9tails du contact: Anne Duch\u00e2teau EuropeAvenue G. E. Lebon 1751150 BruxellesBelgique T\u00e9l\u00e9phone: +32 (0)2 733 50 82 Mme. Bosquet est la d\u00e9l\u00e9gu\u00e9e \u00e0 la protection des [&hellip;]<\/p>\n","protected":false},"author":1,"featured_media":0,"parent":7105,"menu_order":0,"comment_status":"closed","ping_status":"closed","template":"template-canvas.php","meta":{"inline_featured_image":false,"_lmt_disableupdate":"no","_lmt_disable":"","footnotes":""},"class_list":["post-8014","page","type-page","status-publish","hentry"],"_links":{"self":[{"href":"https:\/\/www.duchateaueurope.be\/fr\/wp-json\/wp\/v2\/pages\/8014","targetHints":{"allow":["GET"]}}],"collection":[{"href":"https:\/\/www.duchateaueurope.be\/fr\/wp-json\/wp\/v2\/pages"}],"about":[{"href":"https:\/\/www.duchateaueurope.be\/fr\/wp-json\/wp\/v2\/types\/page"}],"author":[{"embeddable":true,"href":"https:\/\/www.duchateaueurope.be\/fr\/wp-json\/wp\/v2\/users\/1"}],"replies":[{"embeddable":true,"href":"https:\/\/www.duchateaueurope.be\/fr\/wp-json\/wp\/v2\/comments?post=8014"}],"version-history":[{"count":0,"href":"https:\/\/www.duchateaueurope.be\/fr\/wp-json\/wp\/v2\/pages\/8014\/revisions"}],"up":[{"embeddable":true,"href":"https:\/\/www.duchateaueurope.be\/fr\/wp-json\/wp\/v2\/pages\/7105"}],"wp:attachment":[{"href":"https:\/\/www.duchateaueurope.be\/fr\/wp-json\/wp\/v2\/media?parent=8014"}],"curies":[{"name":"wp","href":"https:\/\/api.w.org\/{rel}","templated":true}]}}