{"id":10146,"date":"2022-10-21T13:59:10","date_gmt":"2022-10-21T11:59:10","guid":{"rendered":"https:\/\/www.duchateaueurope.be\/?post_type=product&#038;p=10146"},"modified":"2023-02-17T10:57:05","modified_gmt":"2023-02-17T09:57:05","slug":"el-mundo","status":"publish","type":"product","link":"https:\/\/www.duchateaueurope.be\/fr\/shop\/el-mundo\/","title":{"rendered":"El Mundo"},"content":{"rendered":"","protected":false},"excerpt":{"rendered":"<p>Envoyez vos salutations et \u00e9gayez la journ\u00e9e de quelqu&rsquo;un ou d&rsquo;un couple avec ce bouquet color\u00e9 et son coffret de gins.<\/p>\n","protected":false},"featured_media":11157,"template":"","meta":{"inline_featured_image":false,"_lmt_disableupdate":"","_lmt_disable":""},"product_brand":[],"product_cat":[89,20,113],"product_tag":[133,132,134],"class_list":{"0":"post-10146","1":"product","2":"type-product","3":"status-publish","4":"has-post-thumbnail","6":"product_cat-bouquets","7":"product_cat-gourmandises-spiritueux","8":"product_cat-pack-gourmand","9":"product_tag-cat-ok","10":"product_tag-desc-ok","11":"product_tag-photo-ok","13":"first","14":"instock","15":"taxable","16":"shipping-taxable","17":"purchasable","18":"product-type-simple"},"_links":{"self":[{"href":"https:\/\/www.duchateaueurope.be\/fr\/wp-json\/wp\/v2\/product\/10146","targetHints":{"allow":["GET"]}}],"collection":[{"href":"https:\/\/www.duchateaueurope.be\/fr\/wp-json\/wp\/v2\/product"}],"about":[{"href":"https:\/\/www.duchateaueurope.be\/fr\/wp-json\/wp\/v2\/types\/product"}],"version-history":[{"count":0,"href":"https:\/\/www.duchateaueurope.be\/fr\/wp-json\/wp\/v2\/product\/10146\/revisions"}],"wp:featuredmedia":[{"embeddable":true,"href":"https:\/\/www.duchateaueurope.be\/fr\/wp-json\/wp\/v2\/media\/11157"}],"wp:attachment":[{"href":"https:\/\/www.duchateaueurope.be\/fr\/wp-json\/wp\/v2\/media?parent=10146"}],"wp:term":[{"taxonomy":"product_brand","embeddable":true,"href":"https:\/\/www.duchateaueurope.be\/fr\/wp-json\/wp\/v2\/product_brand?post=10146"},{"taxonomy":"product_cat","embeddable":true,"href":"https:\/\/www.duchateaueurope.be\/fr\/wp-json\/wp\/v2\/product_cat?post=10146"},{"taxonomy":"product_tag","embeddable":true,"href":"https:\/\/www.duchateaueurope.be\/fr\/wp-json\/wp\/v2\/product_tag?post=10146"}],"curies":[{"name":"wp","href":"https:\/\/api.w.org\/{rel}","templated":true}]}}