{"id":208,"date":"2021-08-18T02:17:13","date_gmt":"2021-08-18T00:17:13","guid":{"rendered":"https:\/\/duchateaueurope.be\/index.php\/product\/alocasia-regal-shield\/"},"modified":"2026-03-04T23:06:57","modified_gmt":"2026-03-04T22:06:57","slug":"calin","status":"publish","type":"product","link":"https:\/\/www.duchateaueurope.be\/fr\/shop\/calin\/","title":{"rendered":"C\u00e2lin"},"content":{"rendered":"","protected":false},"excerpt":{"rendered":"<p>Bouquet de naissance avec un nounours.<br \/>\nVous souhaitez f\u00e9liciter quelqu&rsquo;un pour la naissance de son enfant? Surprenez les nouveaux parents avec ce bouquet naissance.<br \/>\nAvec ce bouquet, vous offrez des fleurs et un cadeau avec lequel l&rsquo;enfant s&rsquo;amusera. Un cadeau id\u00e9al pour les parents et le nouveau b\u00e9b\u00e9.<\/p>\n<p>Prix de l&rsquo;ours: 10 \u0080 (d\u00e9j\u00e0 compris dans le prix mentionn\u00e9).<\/p>\n","protected":false},"featured_media":11550,"template":"","meta":{"inline_featured_image":false,"_lmt_disableupdate":"no","_lmt_disable":""},"product_brand":[],"product_cat":[89,24],"product_tag":[133,132,134],"class_list":{"0":"post-208","1":"product","2":"type-product","3":"status-publish","4":"has-post-thumbnail","6":"product_cat-bouquets","7":"product_cat-declaration-damour","8":"product_tag-cat-ok","9":"product_tag-desc-ok","10":"product_tag-photo-ok","11":"pa_size-deluxe","12":"pa_size-original","13":"pa_size-prestige","15":"first","16":"instock","17":"featured","18":"taxable","19":"shipping-taxable","20":"purchasable","21":"product-type-variable","22":"has-default-attributes"},"_links":{"self":[{"href":"https:\/\/www.duchateaueurope.be\/fr\/wp-json\/wp\/v2\/product\/208","targetHints":{"allow":["GET"]}}],"collection":[{"href":"https:\/\/www.duchateaueurope.be\/fr\/wp-json\/wp\/v2\/product"}],"about":[{"href":"https:\/\/www.duchateaueurope.be\/fr\/wp-json\/wp\/v2\/types\/product"}],"version-history":[{"count":3,"href":"https:\/\/www.duchateaueurope.be\/fr\/wp-json\/wp\/v2\/product\/208\/revisions"}],"predecessor-version":[{"id":25679,"href":"https:\/\/www.duchateaueurope.be\/fr\/wp-json\/wp\/v2\/product\/208\/revisions\/25679"}],"wp:featuredmedia":[{"embeddable":true,"href":"https:\/\/www.duchateaueurope.be\/fr\/wp-json\/wp\/v2\/media\/11550"}],"wp:attachment":[{"href":"https:\/\/www.duchateaueurope.be\/fr\/wp-json\/wp\/v2\/media?parent=208"}],"wp:term":[{"taxonomy":"product_brand","embeddable":true,"href":"https:\/\/www.duchateaueurope.be\/fr\/wp-json\/wp\/v2\/product_brand?post=208"},{"taxonomy":"product_cat","embeddable":true,"href":"https:\/\/www.duchateaueurope.be\/fr\/wp-json\/wp\/v2\/product_cat?post=208"},{"taxonomy":"product_tag","embeddable":true,"href":"https:\/\/www.duchateaueurope.be\/fr\/wp-json\/wp\/v2\/product_tag?post=208"}],"curies":[{"name":"wp","href":"https:\/\/api.w.org\/{rel}","templated":true}]}}