{"id":237,"date":"2021-08-18T03:23:30","date_gmt":"2021-08-18T01:23:30","guid":{"rendered":"https:\/\/duchateaueurope.be\/index.php\/product\/dracaena-lisa\/"},"modified":"2023-02-17T10:57:02","modified_gmt":"2023-02-17T09:57:02","slug":"my-first-teddy","status":"publish","type":"product","link":"https:\/\/www.duchateaueurope.be\/fr\/shop\/my-first-teddy\/","title":{"rendered":"My first teddy"},"content":{"rendered":"","protected":false},"excerpt":{"rendered":"<p><strong>Bouquet de naissance avec un nounours.<\/strong><\/p>\n<p>Vous souhaitez f\u00e9liciter quelqu&rsquo;un pour la naissance de son enfant? Surprenez les nouveaux parents avec ce bouquet naissance. Ce dernier est compos\u00e9 de fleurs blanches et ros\u00e9es et est accompagn\u00e9 d&rsquo;une peluche \u00ab\u00a0My first teddy\u00a0\u00bb.<\/p>\n<p>Avec ce bouquet, vous offrez des fleurs et un cadeau avec lequel l&rsquo;enfant s&rsquo;amusera. Un cadeau id\u00e9al pour les parents et le nouveau b\u00e9b\u00e9.<\/p>\n<p>Prix de l&rsquo;ours: 15 \u0080 (compris dans le prix indiqu\u00e9)<\/p>\n","protected":false},"featured_media":9471,"template":"","meta":{"inline_featured_image":false,"_lmt_disableupdate":"no","_lmt_disable":""},"product_brand":[],"product_cat":[24,89],"product_tag":[133,132,134],"class_list":{"0":"post-237","1":"product","2":"type-product","3":"status-publish","4":"has-post-thumbnail","6":"product_cat-declaration-damour","7":"product_cat-bouquets","8":"product_tag-cat-ok","9":"product_tag-desc-ok","10":"product_tag-photo-ok","11":"pa_size-deluxe","12":"pa_size-original","13":"pa_size-prestige","15":"first","16":"instock","17":"taxable","18":"shipping-taxable","19":"purchasable","20":"product-type-variable","21":"has-default-attributes"},"_links":{"self":[{"href":"https:\/\/www.duchateaueurope.be\/fr\/wp-json\/wp\/v2\/product\/237","targetHints":{"allow":["GET"]}}],"collection":[{"href":"https:\/\/www.duchateaueurope.be\/fr\/wp-json\/wp\/v2\/product"}],"about":[{"href":"https:\/\/www.duchateaueurope.be\/fr\/wp-json\/wp\/v2\/types\/product"}],"version-history":[{"count":0,"href":"https:\/\/www.duchateaueurope.be\/fr\/wp-json\/wp\/v2\/product\/237\/revisions"}],"wp:featuredmedia":[{"embeddable":true,"href":"https:\/\/www.duchateaueurope.be\/fr\/wp-json\/wp\/v2\/media\/9471"}],"wp:attachment":[{"href":"https:\/\/www.duchateaueurope.be\/fr\/wp-json\/wp\/v2\/media?parent=237"}],"wp:term":[{"taxonomy":"product_brand","embeddable":true,"href":"https:\/\/www.duchateaueurope.be\/fr\/wp-json\/wp\/v2\/product_brand?post=237"},{"taxonomy":"product_cat","embeddable":true,"href":"https:\/\/www.duchateaueurope.be\/fr\/wp-json\/wp\/v2\/product_cat?post=237"},{"taxonomy":"product_tag","embeddable":true,"href":"https:\/\/www.duchateaueurope.be\/fr\/wp-json\/wp\/v2\/product_tag?post=237"}],"curies":[{"name":"wp","href":"https:\/\/api.w.org\/{rel}","templated":true}]}}