{"id":7955,"date":"2022-10-13T10:04:24","date_gmt":"2022-10-13T08:04:24","guid":{"rendered":"https:\/\/www.duchateaueurope.be\/?post_type=product&#038;p=7955"},"modified":"2026-03-04T23:08:06","modified_gmt":"2026-03-04T22:08:06","slug":"serenite","status":"publish","type":"product","link":"https:\/\/www.duchateaueurope.be\/fr\/shop\/serenite\/","title":{"rendered":"S\u00e9r\u00e9nit\u00e9"},"content":{"rendered":"","protected":false},"excerpt":{"rendered":"<p>Un magnifique bouquet de fleurs fra\u00eeches qui fera rayonner votre int\u00e9rieur<\/p>\n","protected":false},"featured_media":12542,"template":"","meta":{"inline_featured_image":false,"_lmt_disableupdate":"no","_lmt_disable":""},"product_brand":[],"product_cat":[89],"product_tag":[133,132,134],"class_list":{"0":"post-7955","1":"product","2":"type-product","3":"status-publish","4":"has-post-thumbnail","6":"product_cat-bouquets","7":"product_tag-cat-ok","8":"product_tag-desc-ok","9":"product_tag-photo-ok","10":"pa_size-deluxe","11":"pa_size-original","12":"pa_size-prestige","14":"first","15":"instock","16":"featured","17":"taxable","18":"shipping-taxable","19":"purchasable","20":"product-type-variable","21":"has-default-attributes"},"_links":{"self":[{"href":"https:\/\/www.duchateaueurope.be\/fr\/wp-json\/wp\/v2\/product\/7955","targetHints":{"allow":["GET"]}}],"collection":[{"href":"https:\/\/www.duchateaueurope.be\/fr\/wp-json\/wp\/v2\/product"}],"about":[{"href":"https:\/\/www.duchateaueurope.be\/fr\/wp-json\/wp\/v2\/types\/product"}],"version-history":[{"count":2,"href":"https:\/\/www.duchateaueurope.be\/fr\/wp-json\/wp\/v2\/product\/7955\/revisions"}],"predecessor-version":[{"id":25724,"href":"https:\/\/www.duchateaueurope.be\/fr\/wp-json\/wp\/v2\/product\/7955\/revisions\/25724"}],"wp:featuredmedia":[{"embeddable":true,"href":"https:\/\/www.duchateaueurope.be\/fr\/wp-json\/wp\/v2\/media\/12542"}],"wp:attachment":[{"href":"https:\/\/www.duchateaueurope.be\/fr\/wp-json\/wp\/v2\/media?parent=7955"}],"wp:term":[{"taxonomy":"product_brand","embeddable":true,"href":"https:\/\/www.duchateaueurope.be\/fr\/wp-json\/wp\/v2\/product_brand?post=7955"},{"taxonomy":"product_cat","embeddable":true,"href":"https:\/\/www.duchateaueurope.be\/fr\/wp-json\/wp\/v2\/product_cat?post=7955"},{"taxonomy":"product_tag","embeddable":true,"href":"https:\/\/www.duchateaueurope.be\/fr\/wp-json\/wp\/v2\/product_tag?post=7955"}],"curies":[{"name":"wp","href":"https:\/\/api.w.org\/{rel}","templated":true}]}}