{"id":9119,"date":"2022-10-13T16:49:26","date_gmt":"2022-10-13T14:49:26","guid":{"rendered":"https:\/\/www.duchateaueurope.be\/produit\/vin-pouilly-fume-2\/"},"modified":"2026-03-04T23:08:14","modified_gmt":"2026-03-04T22:08:14","slug":"vin-pouilly-fume","status":"publish","type":"product","link":"https:\/\/www.duchateaueurope.be\/fr\/shop\/vin-pouilly-fume\/","title":{"rendered":"Vin &#8211; Pouilly Fum\u00e9"},"content":{"rendered":"","protected":false},"excerpt":{"rendered":"<p>Claude Michot Les Berthiers<br \/>\nUn vin exquis et d\u00e9licieux caract\u00e9ris\u00e9 par ce l\u00e9ger go\u00fbt typique de silex.<br \/>\nD\u00e9gustez-le \u00e0 10\u00b0 entre sa 1e et 5e ann\u00e9e en tant qu&rsquo;accompagnement de divers plats de poisson, de crustac\u00e9s ou de fruits de mer, et m\u00eame de la viande d&rsquo;agneau, de veau et de porc.<\/p>\n","protected":false},"featured_media":10958,"template":"","meta":{"inline_featured_image":false,"_lmt_disableupdate":"","_lmt_disable":""},"product_brand":[],"product_cat":[93,20],"product_tag":[133,132,134],"class_list":{"0":"post-9119","1":"product","2":"type-product","3":"status-publish","4":"has-post-thumbnail","6":"product_cat-vins-spiritueux-et-champagnes","7":"product_cat-gourmandises-spiritueux","8":"product_tag-cat-ok","9":"product_tag-desc-ok","10":"product_tag-photo-ok","12":"first","13":"instock","14":"taxable","15":"shipping-taxable","16":"purchasable","17":"product-type-simple"},"_links":{"self":[{"href":"https:\/\/www.duchateaueurope.be\/fr\/wp-json\/wp\/v2\/product\/9119","targetHints":{"allow":["GET"]}}],"collection":[{"href":"https:\/\/www.duchateaueurope.be\/fr\/wp-json\/wp\/v2\/product"}],"about":[{"href":"https:\/\/www.duchateaueurope.be\/fr\/wp-json\/wp\/v2\/types\/product"}],"version-history":[{"count":2,"href":"https:\/\/www.duchateaueurope.be\/fr\/wp-json\/wp\/v2\/product\/9119\/revisions"}],"predecessor-version":[{"id":25727,"href":"https:\/\/www.duchateaueurope.be\/fr\/wp-json\/wp\/v2\/product\/9119\/revisions\/25727"}],"wp:featuredmedia":[{"embeddable":true,"href":"https:\/\/www.duchateaueurope.be\/fr\/wp-json\/wp\/v2\/media\/10958"}],"wp:attachment":[{"href":"https:\/\/www.duchateaueurope.be\/fr\/wp-json\/wp\/v2\/media?parent=9119"}],"wp:term":[{"taxonomy":"product_brand","embeddable":true,"href":"https:\/\/www.duchateaueurope.be\/fr\/wp-json\/wp\/v2\/product_brand?post=9119"},{"taxonomy":"product_cat","embeddable":true,"href":"https:\/\/www.duchateaueurope.be\/fr\/wp-json\/wp\/v2\/product_cat?post=9119"},{"taxonomy":"product_tag","embeddable":true,"href":"https:\/\/www.duchateaueurope.be\/fr\/wp-json\/wp\/v2\/product_tag?post=9119"}],"curies":[{"name":"wp","href":"https:\/\/api.w.org\/{rel}","templated":true}]}}