{"id":9120,"date":"2022-10-13T16:49:26","date_gmt":"2022-10-13T14:49:26","guid":{"rendered":"https:\/\/www.duchateaueurope.be\/produit\/vin-chablis-2\/"},"modified":"2022-11-28T10:43:57","modified_gmt":"2022-11-28T09:43:57","slug":"vin-chablis","status":"publish","type":"product","link":"https:\/\/www.duchateaueurope.be\/fr\/shop\/vin-chablis\/","title":{"rendered":"Vin &#8211; Chablis"},"content":{"rendered":"","protected":false},"excerpt":{"rendered":"<p>Les Hauts de Milly<br \/>Un v\u00e9ritable Chablis pr\u00e9sentant une grande fra\u00eecheur, du caract\u00e8re et une belle et longue bouche avec une pointe min\u00e9rale qu&rsquo;il doit \u00e0 la terre tr\u00e8s particuli\u00e8re de la r\u00e9gion.<br \/>Servez-le \u00e0 10\u00b0 entre sa 1e et 5e ann\u00e9e.<br \/>Accompagne sublimement le poulet r\u00f4ti et toutes sortes de plats de poisson.<\/p>\n","protected":false},"featured_media":10973,"template":"","meta":{"inline_featured_image":false,"_lmt_disableupdate":"","_lmt_disable":""},"product_brand":[],"product_cat":[93,20],"product_tag":[133,132,134],"class_list":{"0":"post-9120","1":"product","2":"type-product","3":"status-publish","4":"has-post-thumbnail","6":"product_cat-vins-spiritueux-et-champagnes","7":"product_cat-gourmandises-spiritueux","8":"product_tag-cat-ok","9":"product_tag-desc-ok","10":"product_tag-photo-ok","12":"first","13":"instock","14":"taxable","15":"shipping-taxable","16":"purchasable","17":"product-type-simple"},"_links":{"self":[{"href":"https:\/\/www.duchateaueurope.be\/fr\/wp-json\/wp\/v2\/product\/9120","targetHints":{"allow":["GET"]}}],"collection":[{"href":"https:\/\/www.duchateaueurope.be\/fr\/wp-json\/wp\/v2\/product"}],"about":[{"href":"https:\/\/www.duchateaueurope.be\/fr\/wp-json\/wp\/v2\/types\/product"}],"version-history":[{"count":0,"href":"https:\/\/www.duchateaueurope.be\/fr\/wp-json\/wp\/v2\/product\/9120\/revisions"}],"wp:featuredmedia":[{"embeddable":true,"href":"https:\/\/www.duchateaueurope.be\/fr\/wp-json\/wp\/v2\/media\/10973"}],"wp:attachment":[{"href":"https:\/\/www.duchateaueurope.be\/fr\/wp-json\/wp\/v2\/media?parent=9120"}],"wp:term":[{"taxonomy":"product_brand","embeddable":true,"href":"https:\/\/www.duchateaueurope.be\/fr\/wp-json\/wp\/v2\/product_brand?post=9120"},{"taxonomy":"product_cat","embeddable":true,"href":"https:\/\/www.duchateaueurope.be\/fr\/wp-json\/wp\/v2\/product_cat?post=9120"},{"taxonomy":"product_tag","embeddable":true,"href":"https:\/\/www.duchateaueurope.be\/fr\/wp-json\/wp\/v2\/product_tag?post=9120"}],"curies":[{"name":"wp","href":"https:\/\/api.w.org\/{rel}","templated":true}]}}