{"id":9122,"date":"2022-10-13T16:49:26","date_gmt":"2022-10-13T14:49:26","guid":{"rendered":"https:\/\/www.duchateaueurope.be\/produit\/vin-groot-geluk-chardonnay-2\/"},"modified":"2022-11-28T10:43:57","modified_gmt":"2022-11-28T09:43:57","slug":"vin-groot-geluk-chardonnay","status":"publish","type":"product","link":"https:\/\/www.duchateaueurope.be\/fr\/shop\/vin-groot-geluk-chardonnay\/","title":{"rendered":"Vin &#8211; Groot geluk &#8211; Chardonnay"},"content":{"rendered":"","protected":false},"excerpt":{"rendered":"<p>Chardonnay &#8211; l&rsquo;Afrique du Sud<br \/>Une combinaison de fruits avec une texture voluptueuse s\u0092arrondissant \u00e0 un bois\u00e9 tr\u00e8s fin.<br \/>D\u00e9guster \u00e0 10\u00b0 entre sa 1e et 4e ann\u00e9e.<\/p>\n","protected":false},"featured_media":10970,"template":"","meta":{"inline_featured_image":false,"_lmt_disableupdate":"","_lmt_disable":""},"product_brand":[],"product_cat":[93,20],"product_tag":[133,132,134],"class_list":{"0":"post-9122","1":"product","2":"type-product","3":"status-publish","4":"has-post-thumbnail","6":"product_cat-vins-spiritueux-et-champagnes","7":"product_cat-gourmandises-spiritueux","8":"product_tag-cat-ok","9":"product_tag-desc-ok","10":"product_tag-photo-ok","12":"first","13":"instock","14":"taxable","15":"shipping-taxable","16":"purchasable","17":"product-type-simple"},"_links":{"self":[{"href":"https:\/\/www.duchateaueurope.be\/fr\/wp-json\/wp\/v2\/product\/9122","targetHints":{"allow":["GET"]}}],"collection":[{"href":"https:\/\/www.duchateaueurope.be\/fr\/wp-json\/wp\/v2\/product"}],"about":[{"href":"https:\/\/www.duchateaueurope.be\/fr\/wp-json\/wp\/v2\/types\/product"}],"version-history":[{"count":0,"href":"https:\/\/www.duchateaueurope.be\/fr\/wp-json\/wp\/v2\/product\/9122\/revisions"}],"wp:featuredmedia":[{"embeddable":true,"href":"https:\/\/www.duchateaueurope.be\/fr\/wp-json\/wp\/v2\/media\/10970"}],"wp:attachment":[{"href":"https:\/\/www.duchateaueurope.be\/fr\/wp-json\/wp\/v2\/media?parent=9122"}],"wp:term":[{"taxonomy":"product_brand","embeddable":true,"href":"https:\/\/www.duchateaueurope.be\/fr\/wp-json\/wp\/v2\/product_brand?post=9122"},{"taxonomy":"product_cat","embeddable":true,"href":"https:\/\/www.duchateaueurope.be\/fr\/wp-json\/wp\/v2\/product_cat?post=9122"},{"taxonomy":"product_tag","embeddable":true,"href":"https:\/\/www.duchateaueurope.be\/fr\/wp-json\/wp\/v2\/product_tag?post=9122"}],"curies":[{"name":"wp","href":"https:\/\/api.w.org\/{rel}","templated":true}]}}