{"id":9123,"date":"2022-10-13T16:49:26","date_gmt":"2022-10-13T14:49:26","guid":{"rendered":"https:\/\/www.duchateaueurope.be\/produit\/cava-duc-de-foix-brut-2\/"},"modified":"2023-05-05T17:42:44","modified_gmt":"2023-05-05T15:42:44","slug":"cava-duc-de-foix-brut","status":"publish","type":"product","link":"https:\/\/www.duchateaueurope.be\/fr\/shop\/cava-duc-de-foix-brut\/","title":{"rendered":"Cava &#8211; Duc de Foix Brut"},"content":{"rendered":"","protected":false},"excerpt":{"rendered":"<p>CAVA M\u00c9THODE TRADITIONNELLE BRUT Duc de Foix Brut Nature<\/p>\n<p>Cava est le vin mousseux le plus populaire et le plus vendu apr\u00e8s le champagne.<br \/>\n\u00c9labor\u00e9 selon la m\u00e9thode traditionnelle de fermentation en bouteille et produit dans des r\u00e9gions bien sp\u00e9cifiques.<br \/>\nA servir comme le champagne, \u00e0 6 degr\u00e9s, un v\u00e9ritable d\u00e9lice flattant le palais.<\/p>\n","protected":false},"featured_media":11644,"template":"","meta":{"inline_featured_image":false,"_lmt_disableupdate":"","_lmt_disable":""},"product_brand":[],"product_cat":[93,20],"product_tag":[133,132,134],"class_list":{"0":"post-9123","1":"product","2":"type-product","3":"status-publish","4":"has-post-thumbnail","6":"product_cat-vins-spiritueux-et-champagnes","7":"product_cat-gourmandises-spiritueux","8":"product_tag-cat-ok","9":"product_tag-desc-ok","10":"product_tag-photo-ok","12":"first","13":"instock","14":"taxable","15":"shipping-taxable","16":"purchasable","17":"product-type-simple"},"_links":{"self":[{"href":"https:\/\/www.duchateaueurope.be\/fr\/wp-json\/wp\/v2\/product\/9123","targetHints":{"allow":["GET"]}}],"collection":[{"href":"https:\/\/www.duchateaueurope.be\/fr\/wp-json\/wp\/v2\/product"}],"about":[{"href":"https:\/\/www.duchateaueurope.be\/fr\/wp-json\/wp\/v2\/types\/product"}],"version-history":[{"count":0,"href":"https:\/\/www.duchateaueurope.be\/fr\/wp-json\/wp\/v2\/product\/9123\/revisions"}],"wp:featuredmedia":[{"embeddable":true,"href":"https:\/\/www.duchateaueurope.be\/fr\/wp-json\/wp\/v2\/media\/11644"}],"wp:attachment":[{"href":"https:\/\/www.duchateaueurope.be\/fr\/wp-json\/wp\/v2\/media?parent=9123"}],"wp:term":[{"taxonomy":"product_brand","embeddable":true,"href":"https:\/\/www.duchateaueurope.be\/fr\/wp-json\/wp\/v2\/product_brand?post=9123"},{"taxonomy":"product_cat","embeddable":true,"href":"https:\/\/www.duchateaueurope.be\/fr\/wp-json\/wp\/v2\/product_cat?post=9123"},{"taxonomy":"product_tag","embeddable":true,"href":"https:\/\/www.duchateaueurope.be\/fr\/wp-json\/wp\/v2\/product_tag?post=9123"}],"curies":[{"name":"wp","href":"https:\/\/api.w.org\/{rel}","templated":true}]}}