{"id":9126,"date":"2022-10-13T16:49:26","date_gmt":"2022-10-13T14:49:26","guid":{"rendered":"https:\/\/www.duchateaueurope.be\/produit\/signore-2\/"},"modified":"2022-11-28T10:51:21","modified_gmt":"2022-11-28T09:51:21","slug":"signore","status":"publish","type":"product","link":"https:\/\/www.duchateaueurope.be\/fr\/shop\/signore\/","title":{"rendered":"Signore"},"content":{"rendered":"<p><strong>Philosophie<\/strong><\/p>\n<ul>\n<li><strong>Artisanal<\/strong>:\n<ul>\n<li>Les citrons sont tri\u00e9s et \u00e9pluch\u00e9s \u00e0 la main. Nous appliquons le m\u00eame principe que les vendanges c&rsquo;est-\u00e0-dire que nos clients ont la possibilit\u00e9 de venir se joindre \u00e0 nous \u00e0 chaque production\/arrivage de fruits.<\/li>\n<\/ul>\n<\/li>\n<li><strong>Sans conservateurs<\/strong> ou autres <strong>colorants<\/strong> artificiels<\/li>\n<li><strong>Politique de non gaspillage\/ Tendre vers le z\u00e9ro d\u00e9chets:<\/strong>\n<ul>\n<li>Notre boisson est faite avec les zestes. On r\u00e9utilise les \u00ab\u00a0restes\u00a0\u00bb de nos citrons pour cr\u00e9er des biscuits en collaboration avec une biscuiterie artisanale belge ainsi que pour faire du jus de citron.<\/li>\n<li>On est en train de mettre en place un syst\u00e8me de consignes aupr\u00e8s des cavistes vendant nos produits. Ce m\u00e9canisme doit nous permettre de:\n<ul>\n<li>soutenir leur activit\u00e9 (on pousse les clients \u00e0 revenir dans leur magasin)<\/li>\n<li>et \u00e0 r\u00e9utiliser nos bouteilles.<\/li>\n<\/ul>\n<\/li>\n<\/ul>\n<\/li>\n<\/ul>\n","protected":false},"excerpt":{"rendered":"<p>Signore Aperitif est un alcool r\u00e9alis\u00e9 \u00e0 base de zestes de <b>citrons verts, jaunes et bergamotes<\/b> et infus\u00e9 au <b>basilic<\/b>.<br \/>\nRecette \u00e9labor\u00e9e et produite en <b>Belgique.<\/b><\/p>\n","protected":false},"featured_media":10841,"template":"","meta":{"inline_featured_image":false,"_lmt_disableupdate":"","_lmt_disable":""},"product_brand":[],"product_cat":[20,93],"product_tag":[133,132,134],"class_list":{"0":"post-9126","1":"product","2":"type-product","3":"status-publish","4":"has-post-thumbnail","6":"product_cat-gourmandises-spiritueux","7":"product_cat-vins-spiritueux-et-champagnes","8":"product_tag-cat-ok","9":"product_tag-desc-ok","10":"product_tag-photo-ok","12":"first","13":"instock","14":"taxable","15":"shipping-taxable","16":"purchasable","17":"product-type-variable","18":"has-default-attributes"},"_links":{"self":[{"href":"https:\/\/www.duchateaueurope.be\/fr\/wp-json\/wp\/v2\/product\/9126","targetHints":{"allow":["GET"]}}],"collection":[{"href":"https:\/\/www.duchateaueurope.be\/fr\/wp-json\/wp\/v2\/product"}],"about":[{"href":"https:\/\/www.duchateaueurope.be\/fr\/wp-json\/wp\/v2\/types\/product"}],"version-history":[{"count":0,"href":"https:\/\/www.duchateaueurope.be\/fr\/wp-json\/wp\/v2\/product\/9126\/revisions"}],"wp:featuredmedia":[{"embeddable":true,"href":"https:\/\/www.duchateaueurope.be\/fr\/wp-json\/wp\/v2\/media\/10841"}],"wp:attachment":[{"href":"https:\/\/www.duchateaueurope.be\/fr\/wp-json\/wp\/v2\/media?parent=9126"}],"wp:term":[{"taxonomy":"product_brand","embeddable":true,"href":"https:\/\/www.duchateaueurope.be\/fr\/wp-json\/wp\/v2\/product_brand?post=9126"},{"taxonomy":"product_cat","embeddable":true,"href":"https:\/\/www.duchateaueurope.be\/fr\/wp-json\/wp\/v2\/product_cat?post=9126"},{"taxonomy":"product_tag","embeddable":true,"href":"https:\/\/www.duchateaueurope.be\/fr\/wp-json\/wp\/v2\/product_tag?post=9126"}],"curies":[{"name":"wp","href":"https:\/\/api.w.org\/{rel}","templated":true}]}}