{"id":9128,"date":"2022-10-13T16:49:26","date_gmt":"2022-10-13T14:49:26","guid":{"rendered":"https:\/\/www.duchateaueurope.be\/produit\/champagne-veuve-clicquot-yellow-label-37-50cl-2\/"},"modified":"2022-11-28T10:43:59","modified_gmt":"2022-11-28T09:43:59","slug":"champagne-veuve-clicquot-yellow-label-37-50cl","status":"publish","type":"product","link":"https:\/\/www.duchateaueurope.be\/fr\/shop\/champagne-veuve-clicquot-yellow-label-37-50cl\/","title":{"rendered":"Champagne &#8211; Veuve Clicquot Yellow Label &#8211; 37.50cl"},"content":{"rendered":"","protected":false},"excerpt":{"rendered":"<p>\u00c9labor\u00e9 chaque ann\u00e9e \u00e0 partir d&rsquo;une collection inestimable de vins de r\u00e9serve, le champagne signature Veuve Clicquot Brut Carte Jaune est l&rsquo;expression du style et de la qualit\u00e9 de la Maison Veuve Clicquot. L&rsquo;\u00e9tiquette jaune qui le distingue des autres champagnes refl\u00e8te sa personnalit\u00e9 lumineuse ainsi que l&rsquo;excellence des vignerons de la Maison.<\/p>\n","protected":false},"featured_media":10919,"template":"","meta":{"inline_featured_image":false,"_lmt_disableupdate":"","_lmt_disable":""},"product_brand":[],"product_cat":[93,20],"product_tag":[133,132,134],"class_list":{"0":"post-9128","1":"product","2":"type-product","3":"status-publish","4":"has-post-thumbnail","6":"product_cat-vins-spiritueux-et-champagnes","7":"product_cat-gourmandises-spiritueux","8":"product_tag-cat-ok","9":"product_tag-desc-ok","10":"product_tag-photo-ok","12":"first","13":"instock","14":"taxable","15":"shipping-taxable","16":"purchasable","17":"product-type-simple"},"_links":{"self":[{"href":"https:\/\/www.duchateaueurope.be\/fr\/wp-json\/wp\/v2\/product\/9128","targetHints":{"allow":["GET"]}}],"collection":[{"href":"https:\/\/www.duchateaueurope.be\/fr\/wp-json\/wp\/v2\/product"}],"about":[{"href":"https:\/\/www.duchateaueurope.be\/fr\/wp-json\/wp\/v2\/types\/product"}],"version-history":[{"count":0,"href":"https:\/\/www.duchateaueurope.be\/fr\/wp-json\/wp\/v2\/product\/9128\/revisions"}],"wp:featuredmedia":[{"embeddable":true,"href":"https:\/\/www.duchateaueurope.be\/fr\/wp-json\/wp\/v2\/media\/10919"}],"wp:attachment":[{"href":"https:\/\/www.duchateaueurope.be\/fr\/wp-json\/wp\/v2\/media?parent=9128"}],"wp:term":[{"taxonomy":"product_brand","embeddable":true,"href":"https:\/\/www.duchateaueurope.be\/fr\/wp-json\/wp\/v2\/product_brand?post=9128"},{"taxonomy":"product_cat","embeddable":true,"href":"https:\/\/www.duchateaueurope.be\/fr\/wp-json\/wp\/v2\/product_cat?post=9128"},{"taxonomy":"product_tag","embeddable":true,"href":"https:\/\/www.duchateaueurope.be\/fr\/wp-json\/wp\/v2\/product_tag?post=9128"}],"curies":[{"name":"wp","href":"https:\/\/api.w.org\/{rel}","templated":true}]}}