{"id":9134,"date":"2022-10-13T16:49:26","date_gmt":"2022-10-13T14:49:26","guid":{"rendered":"https:\/\/www.duchateaueurope.be\/produit\/champagne-moet-chandon-imperial-gift-box-75cl-2\/"},"modified":"2026-03-04T23:07:03","modified_gmt":"2026-03-04T22:07:03","slug":"champagne-moet-chandon-imperial-gift-box-75cl","status":"publish","type":"product","link":"https:\/\/www.duchateaueurope.be\/fr\/shop\/champagne-moet-chandon-imperial-gift-box-75cl\/","title":{"rendered":"Champagne &#8211; Mo\u00ebt &#038; Chandon Imp\u00e9rial Gift Box &#8211; 75cl"},"content":{"rendered":"","protected":false},"excerpt":{"rendered":"<p>Champagne Brut.<br \/>Avec une douce couleur dor\u00e9e et une mousse douce et g\u00e9n\u00e9reuse.<br \/>On y sent des ar\u00f4mes de fleurs blanches, de pur\u00e9e de fruits frais et de brioche, qui donnent au vin son \u00e9l\u00e9gance et sa finesse.<br \/>En bouche, les ar\u00f4mes \u00e9voluent vers des nuances de vanille, de fruits blancs et de pain d&rsquo;\u00e9pices.<\/p>\n","protected":false},"featured_media":10934,"template":"","meta":{"inline_featured_image":false,"_lmt_disableupdate":"","_lmt_disable":""},"product_brand":[],"product_cat":[93,20],"product_tag":[133,132,134],"class_list":{"0":"post-9134","1":"product","2":"type-product","3":"status-publish","4":"has-post-thumbnail","6":"product_cat-vins-spiritueux-et-champagnes","7":"product_cat-gourmandises-spiritueux","8":"product_tag-cat-ok","9":"product_tag-desc-ok","10":"product_tag-photo-ok","12":"first","13":"instock","14":"taxable","15":"shipping-taxable","16":"purchasable","17":"product-type-simple"},"_links":{"self":[{"href":"https:\/\/www.duchateaueurope.be\/fr\/wp-json\/wp\/v2\/product\/9134","targetHints":{"allow":["GET"]}}],"collection":[{"href":"https:\/\/www.duchateaueurope.be\/fr\/wp-json\/wp\/v2\/product"}],"about":[{"href":"https:\/\/www.duchateaueurope.be\/fr\/wp-json\/wp\/v2\/types\/product"}],"version-history":[{"count":2,"href":"https:\/\/www.duchateaueurope.be\/fr\/wp-json\/wp\/v2\/product\/9134\/revisions"}],"predecessor-version":[{"id":25682,"href":"https:\/\/www.duchateaueurope.be\/fr\/wp-json\/wp\/v2\/product\/9134\/revisions\/25682"}],"wp:featuredmedia":[{"embeddable":true,"href":"https:\/\/www.duchateaueurope.be\/fr\/wp-json\/wp\/v2\/media\/10934"}],"wp:attachment":[{"href":"https:\/\/www.duchateaueurope.be\/fr\/wp-json\/wp\/v2\/media?parent=9134"}],"wp:term":[{"taxonomy":"product_brand","embeddable":true,"href":"https:\/\/www.duchateaueurope.be\/fr\/wp-json\/wp\/v2\/product_brand?post=9134"},{"taxonomy":"product_cat","embeddable":true,"href":"https:\/\/www.duchateaueurope.be\/fr\/wp-json\/wp\/v2\/product_cat?post=9134"},{"taxonomy":"product_tag","embeddable":true,"href":"https:\/\/www.duchateaueurope.be\/fr\/wp-json\/wp\/v2\/product_tag?post=9134"}],"curies":[{"name":"wp","href":"https:\/\/api.w.org\/{rel}","templated":true}]}}