{"id":9149,"date":"2022-10-13T16:49:33","date_gmt":"2022-10-13T14:49:33","guid":{"rendered":"https:\/\/www.duchateaueurope.be\/produit\/exclusive-box-trio-black-roses-3x100-gr-2\/"},"modified":"2022-11-28T10:43:45","modified_gmt":"2022-11-28T09:43:45","slug":"coffret-exclusif-roses-noires-3x100gr","status":"publish","type":"product","link":"https:\/\/www.duchateaueurope.be\/fr\/shop\/coffret-exclusif-roses-noires-3x100gr\/","title":{"rendered":"Coffret exclusif &#8211; Roses Noires (3x100gr)"},"content":{"rendered":"","protected":false},"excerpt":{"rendered":"<p>D\u00e9couvrez la volupt\u00e9 des p\u00e9tales de rose et la sensualit\u00e9 du musc.<br \/>Cette collection \u00abTriple Milled Soap\u00bb est enrichie de beurre de karit\u00e9, d&rsquo;huile d&rsquo;amande et de glyc\u00e9rine pour vous offrir une exp\u00e9rience de bain luxuriante, hydratante et parfum\u00e9e.<\/p>\n<p>os savons ne contiennent aucun ingr\u00e9dient animal et nos produits ne sont pas test\u00e9s sur les animaux.<\/p>\n<p>3 x 100 gr Poids net &#8211; Fabriqu\u00e9 en Belgique<\/p>\n","protected":false},"featured_media":10525,"template":"","meta":{"inline_featured_image":false,"_lmt_disableupdate":"","_lmt_disable":""},"product_brand":[],"product_cat":[21,95],"product_tag":[133,132,134],"class_list":{"0":"post-9149","1":"product","2":"type-product","3":"status-publish","4":"has-post-thumbnail","6":"product_cat-deco","7":"product_cat-savons-de-bruxelles","8":"product_tag-cat-ok","9":"product_tag-desc-ok","10":"product_tag-photo-ok","12":"first","13":"instock","14":"taxable","15":"shipping-taxable","16":"purchasable","17":"product-type-simple"},"_links":{"self":[{"href":"https:\/\/www.duchateaueurope.be\/fr\/wp-json\/wp\/v2\/product\/9149","targetHints":{"allow":["GET"]}}],"collection":[{"href":"https:\/\/www.duchateaueurope.be\/fr\/wp-json\/wp\/v2\/product"}],"about":[{"href":"https:\/\/www.duchateaueurope.be\/fr\/wp-json\/wp\/v2\/types\/product"}],"version-history":[{"count":0,"href":"https:\/\/www.duchateaueurope.be\/fr\/wp-json\/wp\/v2\/product\/9149\/revisions"}],"wp:featuredmedia":[{"embeddable":true,"href":"https:\/\/www.duchateaueurope.be\/fr\/wp-json\/wp\/v2\/media\/10525"}],"wp:attachment":[{"href":"https:\/\/www.duchateaueurope.be\/fr\/wp-json\/wp\/v2\/media?parent=9149"}],"wp:term":[{"taxonomy":"product_brand","embeddable":true,"href":"https:\/\/www.duchateaueurope.be\/fr\/wp-json\/wp\/v2\/product_brand?post=9149"},{"taxonomy":"product_cat","embeddable":true,"href":"https:\/\/www.duchateaueurope.be\/fr\/wp-json\/wp\/v2\/product_cat?post=9149"},{"taxonomy":"product_tag","embeddable":true,"href":"https:\/\/www.duchateaueurope.be\/fr\/wp-json\/wp\/v2\/product_tag?post=9149"}],"curies":[{"name":"wp","href":"https:\/\/api.w.org\/{rel}","templated":true}]}}