{"id":9152,"date":"2022-10-13T16:49:33","date_gmt":"2022-10-13T14:49:33","guid":{"rendered":"https:\/\/www.duchateaueurope.be\/produit\/exclusive-box-ginger-lime-3x100-gr-2\/"},"modified":"2022-11-28T10:43:46","modified_gmt":"2022-11-28T09:43:46","slug":"coffret-exclusif-gingembre-citron-vert-3x100gr","status":"publish","type":"product","link":"https:\/\/www.duchateaueurope.be\/fr\/shop\/coffret-exclusif-gingembre-citron-vert-3x100gr\/","title":{"rendered":"Coffret exclusif &#8211; Gingembre &#038; Citron Vert (3x100gr)"},"content":{"rendered":"","protected":false},"excerpt":{"rendered":"<p>La rencontre unique entre le gingembre et le citron vert laisse sur votre peau un parfum plein de vitamines et d&rsquo;\u00e9nergie.<br \/>Cette collection \u00abTriple Milled Soap\u00bb est enrichie de beurre de karit\u00e9, d&rsquo;huile d&rsquo;amande et de glyc\u00e9rine pour vous offrir une exp\u00e9rience de bain luxuriante, hydratante et parfum\u00e9e.<\/p>\n<p>os savons ne contiennent aucun ingr\u00e9dient animal et nos produits ne sont pas test\u00e9s sur les animaux.<\/p>\n<p>3 x 100 gr Poids net &#8211; Fabriqu\u00e9 en Belgique<\/p>\n","protected":false},"featured_media":10543,"template":"","meta":{"inline_featured_image":false,"_lmt_disableupdate":"","_lmt_disable":""},"product_brand":[],"product_cat":[21,95],"product_tag":[133,132,134],"class_list":{"0":"post-9152","1":"product","2":"type-product","3":"status-publish","4":"has-post-thumbnail","6":"product_cat-deco","7":"product_cat-savons-de-bruxelles","8":"product_tag-cat-ok","9":"product_tag-desc-ok","10":"product_tag-photo-ok","12":"first","13":"instock","14":"taxable","15":"shipping-taxable","16":"purchasable","17":"product-type-simple"},"_links":{"self":[{"href":"https:\/\/www.duchateaueurope.be\/fr\/wp-json\/wp\/v2\/product\/9152","targetHints":{"allow":["GET"]}}],"collection":[{"href":"https:\/\/www.duchateaueurope.be\/fr\/wp-json\/wp\/v2\/product"}],"about":[{"href":"https:\/\/www.duchateaueurope.be\/fr\/wp-json\/wp\/v2\/types\/product"}],"version-history":[{"count":0,"href":"https:\/\/www.duchateaueurope.be\/fr\/wp-json\/wp\/v2\/product\/9152\/revisions"}],"wp:featuredmedia":[{"embeddable":true,"href":"https:\/\/www.duchateaueurope.be\/fr\/wp-json\/wp\/v2\/media\/10543"}],"wp:attachment":[{"href":"https:\/\/www.duchateaueurope.be\/fr\/wp-json\/wp\/v2\/media?parent=9152"}],"wp:term":[{"taxonomy":"product_brand","embeddable":true,"href":"https:\/\/www.duchateaueurope.be\/fr\/wp-json\/wp\/v2\/product_brand?post=9152"},{"taxonomy":"product_cat","embeddable":true,"href":"https:\/\/www.duchateaueurope.be\/fr\/wp-json\/wp\/v2\/product_cat?post=9152"},{"taxonomy":"product_tag","embeddable":true,"href":"https:\/\/www.duchateaueurope.be\/fr\/wp-json\/wp\/v2\/product_tag?post=9152"}],"curies":[{"name":"wp","href":"https:\/\/api.w.org\/{rel}","templated":true}]}}