{"id":9155,"date":"2022-10-13T16:49:33","date_gmt":"2022-10-13T14:49:33","guid":{"rendered":"https:\/\/www.duchateaueurope.be\/produit\/small-box-black-roses-2x50-gr-2\/"},"modified":"2022-11-28T10:43:47","modified_gmt":"2022-11-28T09:43:47","slug":"duo-de-savons-roses-noires-2x50g","status":"publish","type":"product","link":"https:\/\/www.duchateaueurope.be\/fr\/shop\/duo-de-savons-roses-noires-2x50g\/","title":{"rendered":"Duo de Savons &#8211; Roses Noires (2X50g)"},"content":{"rendered":"","protected":false},"excerpt":{"rendered":"<p>D\u00e9couvrez la volupt\u00e9 des p\u00e9tales de rose et la sensualit\u00e9 du musc avec ce savon noir enrichi en glyc\u00e9rine.<br \/>Ce parfum convient aux amateurs de parfums plus masculins et plus prononc\u00e9s. De plus, son aspect noir offre une belle touche color\u00e9e et \u00e9l\u00e9gante dans votre salle de bain.<br \/>Cette collection \u00abTriple Milled Soap\u00bb est enrichie de beurre de karit\u00e9, d&rsquo;huile d&rsquo;amande et de glyc\u00e9rine pour vous offrir une exp\u00e9rience de bain luxuriante, hydratante et parfum\u00e9e.<\/p>\n<p>os savons ne contiennent aucun ingr\u00e9dient animal et nos produits ne sont pas test\u00e9s sur les animaux.<\/p>\n<p>2 x 50 gr Poids net &#8211; Fabriqu\u00e9 en Belgique<\/p>\n","protected":false},"featured_media":10516,"template":"","meta":{"inline_featured_image":false,"_lmt_disableupdate":"","_lmt_disable":""},"product_brand":[],"product_cat":[21,95],"product_tag":[133,132,134],"class_list":{"0":"post-9155","1":"product","2":"type-product","3":"status-publish","4":"has-post-thumbnail","6":"product_cat-deco","7":"product_cat-savons-de-bruxelles","8":"product_tag-cat-ok","9":"product_tag-desc-ok","10":"product_tag-photo-ok","12":"first","13":"instock","14":"taxable","15":"shipping-taxable","16":"purchasable","17":"product-type-simple"},"_links":{"self":[{"href":"https:\/\/www.duchateaueurope.be\/fr\/wp-json\/wp\/v2\/product\/9155","targetHints":{"allow":["GET"]}}],"collection":[{"href":"https:\/\/www.duchateaueurope.be\/fr\/wp-json\/wp\/v2\/product"}],"about":[{"href":"https:\/\/www.duchateaueurope.be\/fr\/wp-json\/wp\/v2\/types\/product"}],"version-history":[{"count":0,"href":"https:\/\/www.duchateaueurope.be\/fr\/wp-json\/wp\/v2\/product\/9155\/revisions"}],"wp:featuredmedia":[{"embeddable":true,"href":"https:\/\/www.duchateaueurope.be\/fr\/wp-json\/wp\/v2\/media\/10516"}],"wp:attachment":[{"href":"https:\/\/www.duchateaueurope.be\/fr\/wp-json\/wp\/v2\/media?parent=9155"}],"wp:term":[{"taxonomy":"product_brand","embeddable":true,"href":"https:\/\/www.duchateaueurope.be\/fr\/wp-json\/wp\/v2\/product_brand?post=9155"},{"taxonomy":"product_cat","embeddable":true,"href":"https:\/\/www.duchateaueurope.be\/fr\/wp-json\/wp\/v2\/product_cat?post=9155"},{"taxonomy":"product_tag","embeddable":true,"href":"https:\/\/www.duchateaueurope.be\/fr\/wp-json\/wp\/v2\/product_tag?post=9155"}],"curies":[{"name":"wp","href":"https:\/\/api.w.org\/{rel}","templated":true}]}}