{"id":9165,"date":"2022-10-13T16:49:42","date_gmt":"2022-10-13T14:49:42","guid":{"rendered":"https:\/\/www.duchateaueurope.be\/produit\/ruban-2\/"},"modified":"2022-11-28T10:42:51","modified_gmt":"2022-11-28T09:42:51","slug":"ruban-de-condoleances","status":"publish","type":"product","link":"https:\/\/www.duchateaueurope.be\/fr\/shop\/ruban-de-condoleances\/","title":{"rendered":"Ruban"},"content":{"rendered":"","protected":false},"excerpt":{"rendered":"<p>Ruban blanc avec une inscription dor\u00e9e.<\/p>\n<p>En g\u00e9n\u00e9ral, on y inscrit le nom de la famille qui offre les fleurs ou le nom de la soci\u00e9t\u00e9 ou du groupe.<br \/>Le lettrage ne doit pas \u00eatre trop cons\u00e9quent afin que les fleurs soient bien mises en valeur.<br \/>Si vous souhaitez mettre un texte, nous vous proposons de rajouter une carte \u00e0 cet effet.<\/p>\n","protected":false},"featured_media":10771,"template":"","meta":{"inline_featured_image":false,"_lmt_disableupdate":"","_lmt_disable":""},"product_brand":[],"product_cat":[114,87],"product_tag":[133,132,134],"class_list":{"0":"post-9165","1":"product","2":"type-product","3":"status-publish","4":"has-post-thumbnail","6":"product_cat-ruban-et-carte-de-condoleances","7":"product_cat-condoleances","8":"product_tag-cat-ok","9":"product_tag-desc-ok","10":"product_tag-photo-ok","12":"first","13":"instock","14":"taxable","15":"shipping-taxable","16":"purchasable","17":"product-type-simple"},"_links":{"self":[{"href":"https:\/\/www.duchateaueurope.be\/fr\/wp-json\/wp\/v2\/product\/9165","targetHints":{"allow":["GET"]}}],"collection":[{"href":"https:\/\/www.duchateaueurope.be\/fr\/wp-json\/wp\/v2\/product"}],"about":[{"href":"https:\/\/www.duchateaueurope.be\/fr\/wp-json\/wp\/v2\/types\/product"}],"version-history":[{"count":0,"href":"https:\/\/www.duchateaueurope.be\/fr\/wp-json\/wp\/v2\/product\/9165\/revisions"}],"wp:featuredmedia":[{"embeddable":true,"href":"https:\/\/www.duchateaueurope.be\/fr\/wp-json\/wp\/v2\/media\/10771"}],"wp:attachment":[{"href":"https:\/\/www.duchateaueurope.be\/fr\/wp-json\/wp\/v2\/media?parent=9165"}],"wp:term":[{"taxonomy":"product_brand","embeddable":true,"href":"https:\/\/www.duchateaueurope.be\/fr\/wp-json\/wp\/v2\/product_brand?post=9165"},{"taxonomy":"product_cat","embeddable":true,"href":"https:\/\/www.duchateaueurope.be\/fr\/wp-json\/wp\/v2\/product_cat?post=9165"},{"taxonomy":"product_tag","embeddable":true,"href":"https:\/\/www.duchateaueurope.be\/fr\/wp-json\/wp\/v2\/product_tag?post=9165"}],"curies":[{"name":"wp","href":"https:\/\/api.w.org\/{rel}","templated":true}]}}