{"id":9167,"date":"2022-10-13T16:49:42","date_gmt":"2022-10-13T14:49:42","guid":{"rendered":"https:\/\/www.duchateaueurope.be\/produit\/ficus-torsade-2\/"},"modified":"2026-03-04T23:07:24","modified_gmt":"2026-03-04T22:07:24","slug":"ficus-torsade","status":"publish","type":"product","link":"https:\/\/www.duchateaueurope.be\/fr\/shop\/ficus-torsade\/","title":{"rendered":"Ficus Torsad\u00e9"},"content":{"rendered":"","protected":false},"excerpt":{"rendered":"<p>Plante verte pourvue d&rsquo;un tronc fa\u00e7onn\u00e9 et torsad\u00e9.<\/p>\n","protected":false},"featured_media":11935,"template":"","meta":{"inline_featured_image":false,"_lmt_disableupdate":"","_lmt_disable":""},"product_brand":[],"product_cat":[22,117],"product_tag":[133,132,134],"class_list":{"0":"post-9167","1":"product","2":"type-product","3":"status-publish","4":"has-post-thumbnail","6":"product_cat-plantes-vertes","7":"product_cat-plantes","8":"product_tag-cat-ok","9":"product_tag-desc-ok","10":"product_tag-photo-ok","11":"pa_size-120-a-150-cm","12":"pa_size-175-a-200-cm","14":"first","15":"instock","16":"taxable","17":"shipping-taxable","18":"purchasable","19":"product-type-variable","20":"has-default-attributes"},"_links":{"self":[{"href":"https:\/\/www.duchateaueurope.be\/fr\/wp-json\/wp\/v2\/product\/9167","targetHints":{"allow":["GET"]}}],"collection":[{"href":"https:\/\/www.duchateaueurope.be\/fr\/wp-json\/wp\/v2\/product"}],"about":[{"href":"https:\/\/www.duchateaueurope.be\/fr\/wp-json\/wp\/v2\/types\/product"}],"version-history":[{"count":2,"href":"https:\/\/www.duchateaueurope.be\/fr\/wp-json\/wp\/v2\/product\/9167\/revisions"}],"predecessor-version":[{"id":25693,"href":"https:\/\/www.duchateaueurope.be\/fr\/wp-json\/wp\/v2\/product\/9167\/revisions\/25693"}],"wp:featuredmedia":[{"embeddable":true,"href":"https:\/\/www.duchateaueurope.be\/fr\/wp-json\/wp\/v2\/media\/11935"}],"wp:attachment":[{"href":"https:\/\/www.duchateaueurope.be\/fr\/wp-json\/wp\/v2\/media?parent=9167"}],"wp:term":[{"taxonomy":"product_brand","embeddable":true,"href":"https:\/\/www.duchateaueurope.be\/fr\/wp-json\/wp\/v2\/product_brand?post=9167"},{"taxonomy":"product_cat","embeddable":true,"href":"https:\/\/www.duchateaueurope.be\/fr\/wp-json\/wp\/v2\/product_cat?post=9167"},{"taxonomy":"product_tag","embeddable":true,"href":"https:\/\/www.duchateaueurope.be\/fr\/wp-json\/wp\/v2\/product_tag?post=9167"}],"curies":[{"name":"wp","href":"https:\/\/api.w.org\/{rel}","templated":true}]}}