{"id":9188,"date":"2022-10-13T16:49:51","date_gmt":"2022-10-13T14:49:51","guid":{"rendered":"https:\/\/www.duchateaueurope.be\/produit\/cycas-cycas-revoluta-2\/"},"modified":"2022-11-28T10:43:32","modified_gmt":"2022-11-28T09:43:32","slug":"cycas-revoluta","status":"publish","type":"product","link":"https:\/\/www.duchateaueurope.be\/fr\/shop\/cycas-revoluta\/","title":{"rendered":"Cycas revoluta"},"content":{"rendered":"","protected":false},"excerpt":{"rendered":"<p>Le Cycas est fortement d\u00e9polluant. Il s&rsquo;attaque au formald\u00e9hyde* et au monoxyde de carbone.<\/p>\n<p>* Ce dernier est un gaz incolore mais pas inodore. On le trouve dans nombre de produits usuels, des colles aux cosm\u00e9tiques, en passant par les d\u00e9riv\u00e9s du bois, encres, fum\u00e9es de tabac, isolants en mousses, mat\u00e9riaux de construction, nettoyants m\u00e9nagers, papiers, pesticides, r\u00e9sines, textiles, vernis, colles d&rsquo;une majorit\u00e9 de rev\u00eatements de sol, etc.<\/p>\n<p>Entretien: demande beaucoup de lumi\u00e8re et d&rsquo;eau. Il faut l&rsquo;arroser fr\u00e9quemment mais avec mod\u00e9ration \u00e0 chaque fois.<\/p>\n","protected":false},"featured_media":11846,"template":"","meta":{"inline_featured_image":false,"_lmt_disableupdate":"","_lmt_disable":""},"product_brand":[],"product_cat":[104,117],"product_tag":[133,132,134],"class_list":{"0":"post-9188","1":"product","2":"type-product","3":"status-publish","4":"has-post-thumbnail","6":"product_cat-plantes-dinterieur-depolluantes","7":"product_cat-plantes","8":"product_tag-cat-ok","9":"product_tag-desc-ok","10":"product_tag-photo-ok","12":"first","13":"instock","14":"taxable","15":"shipping-taxable","16":"purchasable","17":"product-type-variable","18":"has-default-attributes"},"_links":{"self":[{"href":"https:\/\/www.duchateaueurope.be\/fr\/wp-json\/wp\/v2\/product\/9188","targetHints":{"allow":["GET"]}}],"collection":[{"href":"https:\/\/www.duchateaueurope.be\/fr\/wp-json\/wp\/v2\/product"}],"about":[{"href":"https:\/\/www.duchateaueurope.be\/fr\/wp-json\/wp\/v2\/types\/product"}],"version-history":[{"count":0,"href":"https:\/\/www.duchateaueurope.be\/fr\/wp-json\/wp\/v2\/product\/9188\/revisions"}],"wp:featuredmedia":[{"embeddable":true,"href":"https:\/\/www.duchateaueurope.be\/fr\/wp-json\/wp\/v2\/media\/11846"}],"wp:attachment":[{"href":"https:\/\/www.duchateaueurope.be\/fr\/wp-json\/wp\/v2\/media?parent=9188"}],"wp:term":[{"taxonomy":"product_brand","embeddable":true,"href":"https:\/\/www.duchateaueurope.be\/fr\/wp-json\/wp\/v2\/product_brand?post=9188"},{"taxonomy":"product_cat","embeddable":true,"href":"https:\/\/www.duchateaueurope.be\/fr\/wp-json\/wp\/v2\/product_cat?post=9188"},{"taxonomy":"product_tag","embeddable":true,"href":"https:\/\/www.duchateaueurope.be\/fr\/wp-json\/wp\/v2\/product_tag?post=9188"}],"curies":[{"name":"wp","href":"https:\/\/api.w.org\/{rel}","templated":true}]}}