{"id":9191,"date":"2022-10-13T16:49:51","date_gmt":"2022-10-13T14:49:51","guid":{"rendered":"https:\/\/www.duchateaueurope.be\/produit\/caoutchouc-ficus-elastica-2\/"},"modified":"2022-11-28T10:43:30","modified_gmt":"2022-11-28T09:43:30","slug":"caoutchouc-ficus-elastica","status":"publish","type":"product","link":"https:\/\/www.duchateaueurope.be\/fr\/shop\/caoutchouc-ficus-elastica\/","title":{"rendered":"Caoutchouc (Ficus elastica)"},"content":{"rendered":"","protected":false},"excerpt":{"rendered":"<p>Le Ficus elastica joue un r\u00f4le important dans l&rsquo;\u00e9limination du formald\u00e9hyde* pr\u00e9sent dans l&rsquo;air ainsi que de l&rsquo;attraction des poussi\u00e8res.<\/p>\n<p>* Ce dernier est un gaz incolore mais pas inodore. On le trouve dans nombre de produits usuels, des colles aux cosm\u00e9tiques, en passant par les d\u00e9riv\u00e9s du bois, encres, fum\u00e9es de tabac, isolants en mousses, mat\u00e9riaux de construction, nettoyants m\u00e9nagers, papiers, pesticides, r\u00e9sines, textiles, vernis, colles d&rsquo;une majorit\u00e9 de rev\u00eatements de sol, etc.<\/p>\n<p>Entretien: il aime la lumi\u00e8re mais se porte \u00e9galement bien dans les coins plus sombres. Les arrosages doivent \u00eatre espac\u00e9s: entrecoup\u00e9s de p\u00e9riodes s\u00e8ches en \u00e9t\u00e9 et inexistants en hiver (sauf si plante a proximit\u00e9 d&rsquo;un chauffage).<\/p>\n","protected":false},"featured_media":11560,"template":"","meta":{"inline_featured_image":false,"_lmt_disableupdate":"","_lmt_disable":""},"product_brand":[],"product_cat":[104,117],"product_tag":[133,132,134],"class_list":{"0":"post-9191","1":"product","2":"type-product","3":"status-publish","4":"has-post-thumbnail","6":"product_cat-plantes-dinterieur-depolluantes","7":"product_cat-plantes","8":"product_tag-cat-ok","9":"product_tag-desc-ok","10":"product_tag-photo-ok","12":"first","13":"instock","14":"taxable","15":"shipping-taxable","16":"purchasable","17":"product-type-variable","18":"has-default-attributes"},"_links":{"self":[{"href":"https:\/\/www.duchateaueurope.be\/fr\/wp-json\/wp\/v2\/product\/9191","targetHints":{"allow":["GET"]}}],"collection":[{"href":"https:\/\/www.duchateaueurope.be\/fr\/wp-json\/wp\/v2\/product"}],"about":[{"href":"https:\/\/www.duchateaueurope.be\/fr\/wp-json\/wp\/v2\/types\/product"}],"version-history":[{"count":0,"href":"https:\/\/www.duchateaueurope.be\/fr\/wp-json\/wp\/v2\/product\/9191\/revisions"}],"wp:featuredmedia":[{"embeddable":true,"href":"https:\/\/www.duchateaueurope.be\/fr\/wp-json\/wp\/v2\/media\/11560"}],"wp:attachment":[{"href":"https:\/\/www.duchateaueurope.be\/fr\/wp-json\/wp\/v2\/media?parent=9191"}],"wp:term":[{"taxonomy":"product_brand","embeddable":true,"href":"https:\/\/www.duchateaueurope.be\/fr\/wp-json\/wp\/v2\/product_brand?post=9191"},{"taxonomy":"product_cat","embeddable":true,"href":"https:\/\/www.duchateaueurope.be\/fr\/wp-json\/wp\/v2\/product_cat?post=9191"},{"taxonomy":"product_tag","embeddable":true,"href":"https:\/\/www.duchateaueurope.be\/fr\/wp-json\/wp\/v2\/product_tag?post=9191"}],"curies":[{"name":"wp","href":"https:\/\/api.w.org\/{rel}","templated":true}]}}