{"id":9193,"date":"2022-10-13T16:49:51","date_gmt":"2022-10-13T14:49:51","guid":{"rendered":"https:\/\/www.duchateaueurope.be\/produit\/begonia-4\/"},"modified":"2026-03-04T23:06:52","modified_gmt":"2026-03-04T22:06:52","slug":"begonia","status":"publish","type":"product","link":"https:\/\/www.duchateaueurope.be\/fr\/shop\/begonia\/","title":{"rendered":"B\u00e9gonia"},"content":{"rendered":"","protected":false},"excerpt":{"rendered":"<p>Le B\u00e9gonia d&rsquo;int\u00e9rieur est une excellente plante d\u00e9polluante en atmosph\u00e8re confin\u00e9e, notamment sur le formald\u00e9hyde*.<\/p>\n<p>* Ce dernier est un gaz incolore mais pas inodore. On le trouve dans nombre de produits usuels, des colles aux cosm\u00e9tiques, en passant par les d\u00e9riv\u00e9s du bois, encres, fum\u00e9es de tabac, isolants en mousses, mat\u00e9riaux de construction, nettoyants m\u00e9nagers, papiers, pesticides, r\u00e9sines, textiles, vernis, colles d&rsquo;une majorit\u00e9 de rev\u00eatements de sol, etc.<\/p>\n<p>Entretien: aime la lumi\u00e8re mais pas le soleil. Attention aux courants d&rsquo;air et aux chocs thermiques. Arrosage mod\u00e9r\u00e9.<\/p>\n<p>Cache-pot compris dans le prix.<\/p>\n","protected":false},"featured_media":11496,"template":"","meta":{"inline_featured_image":false,"_lmt_disableupdate":"","_lmt_disable":""},"product_brand":[],"product_cat":[104,117],"product_tag":[133,132,134],"class_list":{"0":"post-9193","1":"product","2":"type-product","3":"status-publish","4":"has-post-thumbnail","6":"product_cat-plantes-dinterieur-depolluantes","7":"product_cat-plantes","8":"product_tag-cat-ok","9":"product_tag-desc-ok","10":"product_tag-photo-ok","12":"first","13":"instock","14":"taxable","15":"shipping-taxable","16":"purchasable","17":"product-type-variable","18":"has-default-attributes"},"_links":{"self":[{"href":"https:\/\/www.duchateaueurope.be\/fr\/wp-json\/wp\/v2\/product\/9193","targetHints":{"allow":["GET"]}}],"collection":[{"href":"https:\/\/www.duchateaueurope.be\/fr\/wp-json\/wp\/v2\/product"}],"about":[{"href":"https:\/\/www.duchateaueurope.be\/fr\/wp-json\/wp\/v2\/types\/product"}],"version-history":[{"count":2,"href":"https:\/\/www.duchateaueurope.be\/fr\/wp-json\/wp\/v2\/product\/9193\/revisions"}],"predecessor-version":[{"id":25676,"href":"https:\/\/www.duchateaueurope.be\/fr\/wp-json\/wp\/v2\/product\/9193\/revisions\/25676"}],"wp:featuredmedia":[{"embeddable":true,"href":"https:\/\/www.duchateaueurope.be\/fr\/wp-json\/wp\/v2\/media\/11496"}],"wp:attachment":[{"href":"https:\/\/www.duchateaueurope.be\/fr\/wp-json\/wp\/v2\/media?parent=9193"}],"wp:term":[{"taxonomy":"product_brand","embeddable":true,"href":"https:\/\/www.duchateaueurope.be\/fr\/wp-json\/wp\/v2\/product_brand?post=9193"},{"taxonomy":"product_cat","embeddable":true,"href":"https:\/\/www.duchateaueurope.be\/fr\/wp-json\/wp\/v2\/product_cat?post=9193"},{"taxonomy":"product_tag","embeddable":true,"href":"https:\/\/www.duchateaueurope.be\/fr\/wp-json\/wp\/v2\/product_tag?post=9193"}],"curies":[{"name":"wp","href":"https:\/\/api.w.org\/{rel}","templated":true}]}}