{"id":9196,"date":"2022-10-13T16:49:51","date_gmt":"2022-10-13T14:49:51","guid":{"rendered":"https:\/\/www.duchateaueurope.be\/produit\/arbre-de-jade-crassula-arborescens-2\/"},"modified":"2022-11-28T10:43:28","modified_gmt":"2022-11-28T09:43:28","slug":"arbre-de-jade-crassula-arborescens","status":"publish","type":"product","link":"https:\/\/www.duchateaueurope.be\/fr\/shop\/arbre-de-jade-crassula-arborescens\/","title":{"rendered":"Arbre de Jade (Crassula arborescens)"},"content":{"rendered":"","protected":false},"excerpt":{"rendered":"<p>En milieu clos ou tr\u00e8s confin\u00e9, elle est tr\u00e8s avide de produits m\u00e9nagers, notamment de l&rsquo;ammoniac et de ses d\u00e9riv\u00e9s.<\/p>\n<p>Entretien: Comme toutes les plantes grasses, pas beaucoup d&rsquo;eau.<\/p>\n","protected":false},"featured_media":11425,"template":"","meta":{"inline_featured_image":false,"_lmt_disableupdate":"","_lmt_disable":""},"product_brand":[],"product_cat":[104,117],"product_tag":[133,132,134],"class_list":{"0":"post-9196","1":"product","2":"type-product","3":"status-publish","4":"has-post-thumbnail","6":"product_cat-plantes-dinterieur-depolluantes","7":"product_cat-plantes","8":"product_tag-cat-ok","9":"product_tag-desc-ok","10":"product_tag-photo-ok","12":"first","13":"instock","14":"taxable","15":"shipping-taxable","16":"purchasable","17":"product-type-variable","18":"has-default-attributes"},"_links":{"self":[{"href":"https:\/\/www.duchateaueurope.be\/fr\/wp-json\/wp\/v2\/product\/9196","targetHints":{"allow":["GET"]}}],"collection":[{"href":"https:\/\/www.duchateaueurope.be\/fr\/wp-json\/wp\/v2\/product"}],"about":[{"href":"https:\/\/www.duchateaueurope.be\/fr\/wp-json\/wp\/v2\/types\/product"}],"version-history":[{"count":0,"href":"https:\/\/www.duchateaueurope.be\/fr\/wp-json\/wp\/v2\/product\/9196\/revisions"}],"wp:featuredmedia":[{"embeddable":true,"href":"https:\/\/www.duchateaueurope.be\/fr\/wp-json\/wp\/v2\/media\/11425"}],"wp:attachment":[{"href":"https:\/\/www.duchateaueurope.be\/fr\/wp-json\/wp\/v2\/media?parent=9196"}],"wp:term":[{"taxonomy":"product_brand","embeddable":true,"href":"https:\/\/www.duchateaueurope.be\/fr\/wp-json\/wp\/v2\/product_brand?post=9196"},{"taxonomy":"product_cat","embeddable":true,"href":"https:\/\/www.duchateaueurope.be\/fr\/wp-json\/wp\/v2\/product_cat?post=9196"},{"taxonomy":"product_tag","embeddable":true,"href":"https:\/\/www.duchateaueurope.be\/fr\/wp-json\/wp\/v2\/product_tag?post=9196"}],"curies":[{"name":"wp","href":"https:\/\/api.w.org\/{rel}","templated":true}]}}