{"id":9197,"date":"2022-10-13T16:50:01","date_gmt":"2022-10-13T14:50:01","guid":{"rendered":"https:\/\/www.duchateaueurope.be\/produit\/anthurium-anthurium-andreanum-2\/"},"modified":"2022-11-28T10:43:22","modified_gmt":"2022-11-28T09:43:22","slug":"anthurium-andreanum","status":"publish","type":"product","link":"https:\/\/www.duchateaueurope.be\/fr\/shop\/anthurium-andreanum\/","title":{"rendered":"Anthurium andreanum"},"content":{"rendered":"","protected":false},"excerpt":{"rendered":"<p>Plante exotique, solide et d\u00e9polluante. Cache-pot compris.<\/p>\n<p>L&rsquo;Anthurium joue un r\u00f4le d\u00e9polluant pour les produits d&rsquo;entretien et tout particuli\u00e8rement les produits \u00e0 base d\u0092ammoniac. Il affectionne \u00e9galement le monoxyde de carbone et est un bon fixateur de poussi\u00e8res.<\/p>\n<p>Entretien: doit \u00eatre arros\u00e9e r\u00e9guli\u00e8rement et avoir de la luminosit\u00e9.<\/p>\n","protected":false},"featured_media":11416,"template":"","meta":{"inline_featured_image":false,"_lmt_disableupdate":"","_lmt_disable":""},"product_brand":[],"product_cat":[104,117],"product_tag":[133,132,134],"class_list":{"0":"post-9197","1":"product","2":"type-product","3":"status-publish","4":"has-post-thumbnail","6":"product_cat-plantes-dinterieur-depolluantes","7":"product_cat-plantes","8":"product_tag-cat-ok","9":"product_tag-desc-ok","10":"product_tag-photo-ok","12":"first","13":"instock","14":"taxable","15":"shipping-taxable","16":"purchasable","17":"product-type-variable","18":"has-default-attributes"},"_links":{"self":[{"href":"https:\/\/www.duchateaueurope.be\/fr\/wp-json\/wp\/v2\/product\/9197","targetHints":{"allow":["GET"]}}],"collection":[{"href":"https:\/\/www.duchateaueurope.be\/fr\/wp-json\/wp\/v2\/product"}],"about":[{"href":"https:\/\/www.duchateaueurope.be\/fr\/wp-json\/wp\/v2\/types\/product"}],"version-history":[{"count":0,"href":"https:\/\/www.duchateaueurope.be\/fr\/wp-json\/wp\/v2\/product\/9197\/revisions"}],"wp:featuredmedia":[{"embeddable":true,"href":"https:\/\/www.duchateaueurope.be\/fr\/wp-json\/wp\/v2\/media\/11416"}],"wp:attachment":[{"href":"https:\/\/www.duchateaueurope.be\/fr\/wp-json\/wp\/v2\/media?parent=9197"}],"wp:term":[{"taxonomy":"product_brand","embeddable":true,"href":"https:\/\/www.duchateaueurope.be\/fr\/wp-json\/wp\/v2\/product_brand?post=9197"},{"taxonomy":"product_cat","embeddable":true,"href":"https:\/\/www.duchateaueurope.be\/fr\/wp-json\/wp\/v2\/product_cat?post=9197"},{"taxonomy":"product_tag","embeddable":true,"href":"https:\/\/www.duchateaueurope.be\/fr\/wp-json\/wp\/v2\/product_tag?post=9197"}],"curies":[{"name":"wp","href":"https:\/\/api.w.org\/{rel}","templated":true}]}}