{"id":9199,"date":"2022-10-13T16:50:01","date_gmt":"2022-10-13T14:50:01","guid":{"rendered":"https:\/\/www.duchateaueurope.be\/produit\/alocasia-alocasia-polly-2\/"},"modified":"2022-11-28T10:43:21","modified_gmt":"2022-11-28T09:43:21","slug":"alocasia-alocasia-polly","status":"publish","type":"product","link":"https:\/\/www.duchateaueurope.be\/fr\/shop\/alocasia-alocasia-polly\/","title":{"rendered":"Alocasia (Alocasia polly)"},"content":{"rendered":"","protected":false},"excerpt":{"rendered":"<p>En milieu ferm\u00e9, cette jolie plante est une d\u00e9voreuse de polluants divers, avec une pr\u00e9f\u00e9rence pour le formald\u00e9hyde.<br \/>Ce dernier est un gaz incolore mais pas inodore. On le trouve dans nombre de produits usuels, des colles aux cosm\u00e9tiques, en passant par les d\u00e9riv\u00e9s du bois, encres, fum\u00e9es de tabac, isolants en mousses, mat\u00e9riaux de construction, nettoyants m\u00e9nagers, papiers, pesticides, r\u00e9sines, textiles, vernis, colles d&rsquo;une majorit\u00e9 de rev\u00eatements de sol, etc.<\/p>\n<p>Entretien: arrosez la g\u00e9n\u00e9reusement en \u00e9t\u00e9 et un peu moins en hiver. Elle aime la lumi\u00e8re mais pas les rayons directes du soleil.<\/p>\n","protected":false},"featured_media":11386,"template":"","meta":{"inline_featured_image":false,"_lmt_disableupdate":"","_lmt_disable":""},"product_brand":[],"product_cat":[104,117],"product_tag":[133,132,134],"class_list":{"0":"post-9199","1":"product","2":"type-product","3":"status-publish","4":"has-post-thumbnail","6":"product_cat-plantes-dinterieur-depolluantes","7":"product_cat-plantes","8":"product_tag-cat-ok","9":"product_tag-desc-ok","10":"product_tag-photo-ok","12":"first","13":"instock","14":"taxable","15":"shipping-taxable","16":"purchasable","17":"product-type-variable","18":"has-default-attributes"},"_links":{"self":[{"href":"https:\/\/www.duchateaueurope.be\/fr\/wp-json\/wp\/v2\/product\/9199","targetHints":{"allow":["GET"]}}],"collection":[{"href":"https:\/\/www.duchateaueurope.be\/fr\/wp-json\/wp\/v2\/product"}],"about":[{"href":"https:\/\/www.duchateaueurope.be\/fr\/wp-json\/wp\/v2\/types\/product"}],"version-history":[{"count":0,"href":"https:\/\/www.duchateaueurope.be\/fr\/wp-json\/wp\/v2\/product\/9199\/revisions"}],"wp:featuredmedia":[{"embeddable":true,"href":"https:\/\/www.duchateaueurope.be\/fr\/wp-json\/wp\/v2\/media\/11386"}],"wp:attachment":[{"href":"https:\/\/www.duchateaueurope.be\/fr\/wp-json\/wp\/v2\/media?parent=9199"}],"wp:term":[{"taxonomy":"product_brand","embeddable":true,"href":"https:\/\/www.duchateaueurope.be\/fr\/wp-json\/wp\/v2\/product_brand?post=9199"},{"taxonomy":"product_cat","embeddable":true,"href":"https:\/\/www.duchateaueurope.be\/fr\/wp-json\/wp\/v2\/product_cat?post=9199"},{"taxonomy":"product_tag","embeddable":true,"href":"https:\/\/www.duchateaueurope.be\/fr\/wp-json\/wp\/v2\/product_tag?post=9199"}],"curies":[{"name":"wp","href":"https:\/\/api.w.org\/{rel}","templated":true}]}}