{"id":9200,"date":"2022-10-13T16:50:01","date_gmt":"2022-10-13T14:50:01","guid":{"rendered":"https:\/\/www.duchateaueurope.be\/produit\/aglaonema-aglaonema-commutatum-2\/"},"modified":"2026-03-04T23:06:43","modified_gmt":"2026-03-04T22:06:43","slug":"aglaonema-aglaonema-commutatum","status":"publish","type":"product","link":"https:\/\/www.duchateaueurope.be\/fr\/shop\/aglaonema-aglaonema-commutatum\/","title":{"rendered":"Aglaon\u00e9ma (Aglaonema commutatum)"},"content":{"rendered":"","protected":false},"excerpt":{"rendered":"<p>Aussi appel\u00e9 Silver Queen (Reine d&rsquo;argent), c&rsquo;est une championne de la d\u00e9pollution en milieu ferm\u00e9.<br \/>Destructrice des \u00e9l\u00e9ments pr\u00e9sents dans les produits d&rsquo;entretien, des fum\u00e9es de tabac, des \u00e9manations de peintures, de colles, de plastiques, de nombreux solvants, &#8230; elle convient tr\u00e8s bien aux salons moquett\u00e9s, aux bureaux ainsi qu&rsquo;aux atmosph\u00e8res enfum\u00e9es.<\/p>\n<p>Entretien: plante \u00e0 arroser r\u00e9guli\u00e8rement, \u00e9voluant bien dans les milieux humides (style salle de bain).<\/p>\n","protected":false},"featured_media":11356,"template":"","meta":{"inline_featured_image":false,"_lmt_disableupdate":"no","_lmt_disable":""},"product_brand":[],"product_cat":[104,117],"product_tag":[133,132,134],"class_list":{"0":"post-9200","1":"product","2":"type-product","3":"status-publish","4":"has-post-thumbnail","6":"product_cat-plantes-dinterieur-depolluantes","7":"product_cat-plantes","8":"product_tag-cat-ok","9":"product_tag-desc-ok","10":"product_tag-photo-ok","12":"first","13":"instock","14":"taxable","15":"shipping-taxable","16":"purchasable","17":"product-type-variable","18":"has-default-attributes"},"_links":{"self":[{"href":"https:\/\/www.duchateaueurope.be\/fr\/wp-json\/wp\/v2\/product\/9200","targetHints":{"allow":["GET"]}}],"collection":[{"href":"https:\/\/www.duchateaueurope.be\/fr\/wp-json\/wp\/v2\/product"}],"about":[{"href":"https:\/\/www.duchateaueurope.be\/fr\/wp-json\/wp\/v2\/types\/product"}],"version-history":[{"count":2,"href":"https:\/\/www.duchateaueurope.be\/fr\/wp-json\/wp\/v2\/product\/9200\/revisions"}],"predecessor-version":[{"id":25672,"href":"https:\/\/www.duchateaueurope.be\/fr\/wp-json\/wp\/v2\/product\/9200\/revisions\/25672"}],"wp:featuredmedia":[{"embeddable":true,"href":"https:\/\/www.duchateaueurope.be\/fr\/wp-json\/wp\/v2\/media\/11356"}],"wp:attachment":[{"href":"https:\/\/www.duchateaueurope.be\/fr\/wp-json\/wp\/v2\/media?parent=9200"}],"wp:term":[{"taxonomy":"product_brand","embeddable":true,"href":"https:\/\/www.duchateaueurope.be\/fr\/wp-json\/wp\/v2\/product_brand?post=9200"},{"taxonomy":"product_cat","embeddable":true,"href":"https:\/\/www.duchateaueurope.be\/fr\/wp-json\/wp\/v2\/product_cat?post=9200"},{"taxonomy":"product_tag","embeddable":true,"href":"https:\/\/www.duchateaueurope.be\/fr\/wp-json\/wp\/v2\/product_tag?post=9200"}],"curies":[{"name":"wp","href":"https:\/\/api.w.org\/{rel}","templated":true}]}}