{"id":9216,"date":"2022-10-13T16:50:01","date_gmt":"2022-10-13T14:50:01","guid":{"rendered":"https:\/\/www.duchateaueurope.be\/produit\/rose-unique-dans-vase-carre-2\/"},"modified":"2026-03-04T23:08:03","modified_gmt":"2026-03-04T22:08:03","slug":"rose-unique-dans-vase-carre","status":"publish","type":"product","link":"https:\/\/www.duchateaueurope.be\/fr\/shop\/rose-unique-dans-vase-carre\/","title":{"rendered":"Rose unique dans vase carr\u00e9"},"content":{"rendered":"","protected":false},"excerpt":{"rendered":"<p>Rose rouge stabilis\u00e9e dispos\u00e9e dans un vase carr\u00e9, reposant sur un lit de cailloux et agr\u00e9ment\u00e9e de fleurs en soie.<br \/>Vase de plus ou moins 10 cm.<\/p>\n<p>Merci de passer votre commande une semaine avant la date de livraison souhait\u00e9e ou si urgent nous contacter pour voir nos disponibilit\u00e9s.<\/p>\n","protected":false},"featured_media":12436,"template":"","meta":{"inline_featured_image":false,"_lmt_disableupdate":"","_lmt_disable":""},"product_brand":[],"product_cat":[19,18],"product_tag":[133,132,134],"class_list":{"0":"post-9216","1":"product","2":"type-product","3":"status-publish","4":"has-post-thumbnail","6":"product_cat-fleurs-stabilisees","7":"product_cat-fleurs","8":"product_tag-cat-ok","9":"product_tag-desc-ok","10":"product_tag-photo-ok","12":"first","13":"instock","14":"featured","15":"taxable","16":"shipping-taxable","17":"purchasable","18":"product-type-simple"},"_links":{"self":[{"href":"https:\/\/www.duchateaueurope.be\/fr\/wp-json\/wp\/v2\/product\/9216","targetHints":{"allow":["GET"]}}],"collection":[{"href":"https:\/\/www.duchateaueurope.be\/fr\/wp-json\/wp\/v2\/product"}],"about":[{"href":"https:\/\/www.duchateaueurope.be\/fr\/wp-json\/wp\/v2\/types\/product"}],"version-history":[{"count":3,"href":"https:\/\/www.duchateaueurope.be\/fr\/wp-json\/wp\/v2\/product\/9216\/revisions"}],"predecessor-version":[{"id":25722,"href":"https:\/\/www.duchateaueurope.be\/fr\/wp-json\/wp\/v2\/product\/9216\/revisions\/25722"}],"wp:featuredmedia":[{"embeddable":true,"href":"https:\/\/www.duchateaueurope.be\/fr\/wp-json\/wp\/v2\/media\/12436"}],"wp:attachment":[{"href":"https:\/\/www.duchateaueurope.be\/fr\/wp-json\/wp\/v2\/media?parent=9216"}],"wp:term":[{"taxonomy":"product_brand","embeddable":true,"href":"https:\/\/www.duchateaueurope.be\/fr\/wp-json\/wp\/v2\/product_brand?post=9216"},{"taxonomy":"product_cat","embeddable":true,"href":"https:\/\/www.duchateaueurope.be\/fr\/wp-json\/wp\/v2\/product_cat?post=9216"},{"taxonomy":"product_tag","embeddable":true,"href":"https:\/\/www.duchateaueurope.be\/fr\/wp-json\/wp\/v2\/product_tag?post=9216"}],"curies":[{"name":"wp","href":"https:\/\/api.w.org\/{rel}","templated":true}]}}