{"id":9219,"date":"2022-10-13T16:50:13","date_gmt":"2022-10-13T14:50:13","guid":{"rendered":"https:\/\/www.duchateaueurope.be\/produit\/parfum-a-la-rose-pour-roses-eternelles-2\/"},"modified":"2026-03-04T23:07:55","modified_gmt":"2026-03-04T22:07:55","slug":"parfum-a-la-rose-pour-roses-eternelles","status":"publish","type":"product","link":"https:\/\/www.duchateaueurope.be\/fr\/shop\/parfum-a-la-rose-pour-roses-eternelles\/","title":{"rendered":"Parfum \u00e0 la rose pour roses \u00e9ternelles"},"content":{"rendered":"","protected":false},"excerpt":{"rendered":"<p>Anne Duch\u00e2teau europe vous propose en exclusivit\u00e9 le premier parfum pour fleurs stabilis\u00e9es. Il vous permet d&rsquo;ajouter une senteur fra\u00eeche et naturelle de rose de jardin \u00e0 vos fleurs stabilis\u00e9es.<\/p>\n<p><strong>Fragrance<\/strong> : Parfum de rose de jardin<\/p>\n<p><strong>Conditionnement<\/strong> : 1 flacon de 15ml en emballage individuel<\/p>\n<p><strong>Quantit\u00e9<\/strong> : 400+ gouttes par flacon<\/p>\n<p><strong>Utilisation<\/strong> : Pour ajouter la fragrance, positionnez le flacon \u00e0 quelques cm au-dessus de la fleur. Laissez tomber une ou plusieurs gouttes de parfum dans le c\u009cur de la fleur. Ce parfum a \u00e9t\u00e9 d\u00e9velopp\u00e9 afin de ne pas d\u00e9grader la texture et la couleur de la fleur.<\/p>\n<p><strong>\u00c9volution dans le temps<\/strong> : Le parfum pour fleurs \u00e9ternelles dure dans le temps et ne s&rsquo;estompe qu&rsquo;apr\u00e8s plusieurs mois, m\u00eame \u00e0 l&rsquo;air libre.<\/p>\n","protected":false},"featured_media":9459,"template":"","meta":{"inline_featured_image":false,"_lmt_disableupdate":"no","_lmt_disable":""},"product_brand":[],"product_cat":[24,19],"product_tag":[133,132,134],"class_list":{"0":"post-9219","1":"product","2":"type-product","3":"status-publish","4":"has-post-thumbnail","6":"product_cat-declaration-damour","7":"product_cat-fleurs-stabilisees","8":"product_tag-cat-ok","9":"product_tag-desc-ok","10":"product_tag-photo-ok","12":"first","13":"instock","14":"taxable","15":"shipping-taxable","16":"purchasable","17":"product-type-simple"},"_links":{"self":[{"href":"https:\/\/www.duchateaueurope.be\/fr\/wp-json\/wp\/v2\/product\/9219","targetHints":{"allow":["GET"]}}],"collection":[{"href":"https:\/\/www.duchateaueurope.be\/fr\/wp-json\/wp\/v2\/product"}],"about":[{"href":"https:\/\/www.duchateaueurope.be\/fr\/wp-json\/wp\/v2\/types\/product"}],"version-history":[{"count":2,"href":"https:\/\/www.duchateaueurope.be\/fr\/wp-json\/wp\/v2\/product\/9219\/revisions"}],"predecessor-version":[{"id":25715,"href":"https:\/\/www.duchateaueurope.be\/fr\/wp-json\/wp\/v2\/product\/9219\/revisions\/25715"}],"wp:featuredmedia":[{"embeddable":true,"href":"https:\/\/www.duchateaueurope.be\/fr\/wp-json\/wp\/v2\/media\/9459"}],"wp:attachment":[{"href":"https:\/\/www.duchateaueurope.be\/fr\/wp-json\/wp\/v2\/media?parent=9219"}],"wp:term":[{"taxonomy":"product_brand","embeddable":true,"href":"https:\/\/www.duchateaueurope.be\/fr\/wp-json\/wp\/v2\/product_brand?post=9219"},{"taxonomy":"product_cat","embeddable":true,"href":"https:\/\/www.duchateaueurope.be\/fr\/wp-json\/wp\/v2\/product_cat?post=9219"},{"taxonomy":"product_tag","embeddable":true,"href":"https:\/\/www.duchateaueurope.be\/fr\/wp-json\/wp\/v2\/product_tag?post=9219"}],"curies":[{"name":"wp","href":"https:\/\/api.w.org\/{rel}","templated":true}]}}