{"id":9223,"date":"2022-10-13T16:50:13","date_gmt":"2022-10-13T14:50:13","guid":{"rendered":"https:\/\/www.duchateaueurope.be\/produit\/rose-eternelle-sous-cloche-4\/"},"modified":"2026-03-04T23:08:03","modified_gmt":"2026-03-04T22:08:03","slug":"rose-eternelle-sous-cloche","status":"publish","type":"product","link":"https:\/\/www.duchateaueurope.be\/fr\/shop\/rose-eternelle-sous-cloche\/","title":{"rendered":"Rose \u00e9ternelle sous cloche"},"content":{"rendered":"","protected":false},"excerpt":{"rendered":"<p>Hauteur de la cloche\u00a0: 17 cm<\/p>\n<p>Diam\u00e8tre de la cloche\u00a0: 14 cm<\/p>\n<p>Pour une livraison en dehors de Bruxelles, merci de nous contacter avant de passer votre commande. Des frais suppl\u00e9mentaires seront ajout\u00e9s selon la localit\u00e9.<\/p>\n","protected":false},"featured_media":12427,"template":"","meta":{"inline_featured_image":false,"_lmt_disableupdate":"no","_lmt_disable":""},"product_brand":[],"product_cat":[19,24],"product_tag":[133,132,134],"class_list":{"0":"post-9223","1":"product","2":"type-product","3":"status-publish","4":"has-post-thumbnail","6":"product_cat-fleurs-stabilisees","7":"product_cat-declaration-damour","8":"product_tag-cat-ok","9":"product_tag-desc-ok","10":"product_tag-photo-ok","12":"first","13":"instock","14":"taxable","15":"shipping-taxable","16":"purchasable","17":"product-type-simple"},"_links":{"self":[{"href":"https:\/\/www.duchateaueurope.be\/fr\/wp-json\/wp\/v2\/product\/9223","targetHints":{"allow":["GET"]}}],"collection":[{"href":"https:\/\/www.duchateaueurope.be\/fr\/wp-json\/wp\/v2\/product"}],"about":[{"href":"https:\/\/www.duchateaueurope.be\/fr\/wp-json\/wp\/v2\/types\/product"}],"version-history":[{"count":2,"href":"https:\/\/www.duchateaueurope.be\/fr\/wp-json\/wp\/v2\/product\/9223\/revisions"}],"predecessor-version":[{"id":25721,"href":"https:\/\/www.duchateaueurope.be\/fr\/wp-json\/wp\/v2\/product\/9223\/revisions\/25721"}],"wp:featuredmedia":[{"embeddable":true,"href":"https:\/\/www.duchateaueurope.be\/fr\/wp-json\/wp\/v2\/media\/12427"}],"wp:attachment":[{"href":"https:\/\/www.duchateaueurope.be\/fr\/wp-json\/wp\/v2\/media?parent=9223"}],"wp:term":[{"taxonomy":"product_brand","embeddable":true,"href":"https:\/\/www.duchateaueurope.be\/fr\/wp-json\/wp\/v2\/product_brand?post=9223"},{"taxonomy":"product_cat","embeddable":true,"href":"https:\/\/www.duchateaueurope.be\/fr\/wp-json\/wp\/v2\/product_cat?post=9223"},{"taxonomy":"product_tag","embeddable":true,"href":"https:\/\/www.duchateaueurope.be\/fr\/wp-json\/wp\/v2\/product_tag?post=9223"}],"curies":[{"name":"wp","href":"https:\/\/api.w.org\/{rel}","templated":true}]}}