{"id":9244,"date":"2022-10-13T16:50:21","date_gmt":"2022-10-13T14:50:21","guid":{"rendered":"https:\/\/www.duchateaueurope.be\/produit\/dites-lui-je-taime-2\/"},"modified":"2026-02-09T21:35:42","modified_gmt":"2026-02-09T20:35:42","slug":"dites-lui-je-t-aime","status":"publish","type":"product","link":"https:\/\/www.duchateaueurope.be\/fr\/shop\/dites-lui-je-t-aime\/","title":{"rendered":"Dites lui \u00ab\u00a0je t&rsquo;aime\u00a0\u00bb"},"content":{"rendered":"","protected":false},"excerpt":{"rendered":"<p>Bo\u00eete de fleurs \u00e9ternelles avec un assemblage de roses rouges et un coeur de gypsophile s\u00e9ch\u00e9.<\/p>\n<p>Dimensions int\u00e9rieures :<\/p>\n<p>Prestige : L 17 cm x l 17 cm x H 15,5 cm<\/p>\n<p>Dimensions avec couvercle :<\/p>\n<p>Original: L 10 cm x l 10 cm x H 10 cm<\/p>\n<p>Couleur de la bo\u00eete : noir<\/p>\n<p>Forme : Carr\u00e9<\/p>\n<p>Pour une livraison en dehors de Bruxelles, merci de nous contacter avant de passer votre commande. Des frais suppl\u00e9mentaires seront ajout\u00e9s selon la localit\u00e9.<\/p>\n","protected":false},"featured_media":11884,"template":"","meta":{"inline_featured_image":false,"_lmt_disableupdate":"","_lmt_disable":""},"product_brand":[],"product_cat":[24,19],"product_tag":[133,132,134],"class_list":{"0":"post-9244","1":"product","2":"type-product","3":"status-publish","4":"has-post-thumbnail","6":"product_cat-declaration-damour","7":"product_cat-fleurs-stabilisees","8":"product_tag-cat-ok","9":"product_tag-desc-ok","10":"product_tag-photo-ok","12":"first","13":"instock","14":"featured","15":"taxable","16":"shipping-taxable","17":"purchasable","18":"product-type-simple"},"_links":{"self":[{"href":"https:\/\/www.duchateaueurope.be\/fr\/wp-json\/wp\/v2\/product\/9244","targetHints":{"allow":["GET"]}}],"collection":[{"href":"https:\/\/www.duchateaueurope.be\/fr\/wp-json\/wp\/v2\/product"}],"about":[{"href":"https:\/\/www.duchateaueurope.be\/fr\/wp-json\/wp\/v2\/types\/product"}],"version-history":[{"count":1,"href":"https:\/\/www.duchateaueurope.be\/fr\/wp-json\/wp\/v2\/product\/9244\/revisions"}],"predecessor-version":[{"id":25537,"href":"https:\/\/www.duchateaueurope.be\/fr\/wp-json\/wp\/v2\/product\/9244\/revisions\/25537"}],"wp:featuredmedia":[{"embeddable":true,"href":"https:\/\/www.duchateaueurope.be\/fr\/wp-json\/wp\/v2\/media\/11884"}],"wp:attachment":[{"href":"https:\/\/www.duchateaueurope.be\/fr\/wp-json\/wp\/v2\/media?parent=9244"}],"wp:term":[{"taxonomy":"product_brand","embeddable":true,"href":"https:\/\/www.duchateaueurope.be\/fr\/wp-json\/wp\/v2\/product_brand?post=9244"},{"taxonomy":"product_cat","embeddable":true,"href":"https:\/\/www.duchateaueurope.be\/fr\/wp-json\/wp\/v2\/product_cat?post=9244"},{"taxonomy":"product_tag","embeddable":true,"href":"https:\/\/www.duchateaueurope.be\/fr\/wp-json\/wp\/v2\/product_tag?post=9244"}],"curies":[{"name":"wp","href":"https:\/\/api.w.org\/{rel}","templated":true}]}}