{"id":9245,"date":"2022-10-13T16:50:21","date_gmt":"2022-10-13T14:50:21","guid":{"rendered":"https:\/\/www.duchateaueurope.be\/produit\/coffret-de-roses-eternelles-3\/"},"modified":"2026-03-04T23:07:10","modified_gmt":"2026-03-04T22:07:10","slug":"coffret-de-roses-eternelles-en-boite-blanche","status":"publish","type":"product","link":"https:\/\/www.duchateaueurope.be\/fr\/shop\/coffret-de-roses-eternelles-en-boite-blanche\/","title":{"rendered":"Coffret de roses \u00e9ternelles en bo\u00eete blanche"},"content":{"rendered":"","protected":false},"excerpt":{"rendered":"<p><strong>Dimensions int\u00e9rieures :<\/strong><\/p>\n<ul> \t<\/p>\n<li>Original : L 9 cm x l 9 cm x H 9,5 cm<\/li>\n<p> \t<\/p>\n<li>Deluxe : L 13 cm x l 13 cm x H 13,5 cm<\/li>\n<p> \t<\/p>\n<li>Prestige : L 17 cm x l 17 cm x H 15,5 cm<\/li>\n<p><\/ul>\n<p><strong>Dimensions avec couvercle :<\/strong><\/p>\n<ul> \t<\/p>\n<li>Original: L 10 cm x l 10 cm x H 10 cm<\/li>\n<p> \t<\/p>\n<li>Deluxe : L 14 cm x l 14 cm x H 14 cm<\/li>\n<p> \t<\/p>\n<li>Prestige : L 18 cm x l 18 cm x H 16 cm<\/li>\n<p><\/ul>\n<p>Couleur de la bo\u00eete : blanche<br \/>Forme : Carr\u00e9<\/p>\n","protected":false},"featured_media":11667,"template":"","meta":{"inline_featured_image":false,"_lmt_disableupdate":"no","_lmt_disable":""},"product_brand":[],"product_cat":[24,19],"product_tag":[133,132,134],"class_list":{"0":"post-9245","1":"product","2":"type-product","3":"status-publish","4":"has-post-thumbnail","6":"product_cat-declaration-damour","7":"product_cat-fleurs-stabilisees","8":"product_tag-cat-ok","9":"product_tag-desc-ok","10":"product_tag-photo-ok","11":"pa_color-fuchsia","12":"pa_color-jaune","13":"pa_color-orange","14":"pa_color-rose","15":"pa_color-rouge","16":"pa_color-saumon","17":"pa_color-saumon-rose-bicolor","18":"pa_size-deluxe","19":"pa_size-prestige","21":"first","22":"instock","23":"featured","24":"taxable","25":"shipping-taxable","26":"purchasable","27":"product-type-variable","28":"has-default-attributes"},"_links":{"self":[{"href":"https:\/\/www.duchateaueurope.be\/fr\/wp-json\/wp\/v2\/product\/9245","targetHints":{"allow":["GET"]}}],"collection":[{"href":"https:\/\/www.duchateaueurope.be\/fr\/wp-json\/wp\/v2\/product"}],"about":[{"href":"https:\/\/www.duchateaueurope.be\/fr\/wp-json\/wp\/v2\/types\/product"}],"version-history":[{"count":3,"href":"https:\/\/www.duchateaueurope.be\/fr\/wp-json\/wp\/v2\/product\/9245\/revisions"}],"predecessor-version":[{"id":25687,"href":"https:\/\/www.duchateaueurope.be\/fr\/wp-json\/wp\/v2\/product\/9245\/revisions\/25687"}],"wp:featuredmedia":[{"embeddable":true,"href":"https:\/\/www.duchateaueurope.be\/fr\/wp-json\/wp\/v2\/media\/11667"}],"wp:attachment":[{"href":"https:\/\/www.duchateaueurope.be\/fr\/wp-json\/wp\/v2\/media?parent=9245"}],"wp:term":[{"taxonomy":"product_brand","embeddable":true,"href":"https:\/\/www.duchateaueurope.be\/fr\/wp-json\/wp\/v2\/product_brand?post=9245"},{"taxonomy":"product_cat","embeddable":true,"href":"https:\/\/www.duchateaueurope.be\/fr\/wp-json\/wp\/v2\/product_cat?post=9245"},{"taxonomy":"product_tag","embeddable":true,"href":"https:\/\/www.duchateaueurope.be\/fr\/wp-json\/wp\/v2\/product_tag?post=9245"}],"curies":[{"name":"wp","href":"https:\/\/api.w.org\/{rel}","templated":true}]}}