{"id":9260,"date":"2022-10-13T16:50:28","date_gmt":"2022-10-13T14:50:28","guid":{"rendered":"https:\/\/www.duchateaueurope.be\/produit\/le-ritual-2\/"},"modified":"2023-02-17T10:57:04","modified_gmt":"2023-02-17T09:57:04","slug":"le-ritual","status":"publish","type":"product","link":"https:\/\/www.duchateaueurope.be\/fr\/shop\/le-ritual\/","title":{"rendered":"Le Ritual"},"content":{"rendered":"","protected":false},"excerpt":{"rendered":"<p>Bouquet et un coffret cadeau Rituals<\/p>\n<p>R\u00e9\u00e9quilibrez votre corps, votre \u00e2me et votre esprit avec ce coffret cadeau format Small contenant une mousse de douche, une huile de douche, un shampooing et une cr\u00e8me pour le corps.<br \/>\nCe coffret cadeau est pr\u00e9sent\u00e9 dans un emballage \u00e9l\u00e9gant et \u00e9cologique \u00e0 r\u00e9utiliser pour garder vos petits tr\u00e9sors.<\/p>\n<p>ATTENTION: Sous r\u00e9serve de disponibilit\u00e9, vous recevrez le coffret cadeau blanc (Ritual of Sakura) OU le coffret rouge (Ritual of Ayurveda).<\/p>\n","protected":false},"featured_media":12085,"template":"","meta":{"inline_featured_image":false,"_lmt_disableupdate":"","_lmt_disable":""},"product_brand":[],"product_cat":[24,89],"product_tag":[133,132,134],"class_list":{"0":"post-9260","1":"product","2":"type-product","3":"status-publish","4":"has-post-thumbnail","6":"product_cat-declaration-damour","7":"product_cat-bouquets","8":"product_tag-cat-ok","9":"product_tag-desc-ok","10":"product_tag-photo-ok","11":"pa_size-deluxe","12":"pa_size-original","13":"pa_size-prestige","15":"first","16":"instock","17":"featured","18":"taxable","19":"shipping-taxable","20":"purchasable","21":"product-type-variable","22":"has-default-attributes"},"_links":{"self":[{"href":"https:\/\/www.duchateaueurope.be\/fr\/wp-json\/wp\/v2\/product\/9260","targetHints":{"allow":["GET"]}}],"collection":[{"href":"https:\/\/www.duchateaueurope.be\/fr\/wp-json\/wp\/v2\/product"}],"about":[{"href":"https:\/\/www.duchateaueurope.be\/fr\/wp-json\/wp\/v2\/types\/product"}],"version-history":[{"count":0,"href":"https:\/\/www.duchateaueurope.be\/fr\/wp-json\/wp\/v2\/product\/9260\/revisions"}],"wp:featuredmedia":[{"embeddable":true,"href":"https:\/\/www.duchateaueurope.be\/fr\/wp-json\/wp\/v2\/media\/12085"}],"wp:attachment":[{"href":"https:\/\/www.duchateaueurope.be\/fr\/wp-json\/wp\/v2\/media?parent=9260"}],"wp:term":[{"taxonomy":"product_brand","embeddable":true,"href":"https:\/\/www.duchateaueurope.be\/fr\/wp-json\/wp\/v2\/product_brand?post=9260"},{"taxonomy":"product_cat","embeddable":true,"href":"https:\/\/www.duchateaueurope.be\/fr\/wp-json\/wp\/v2\/product_cat?post=9260"},{"taxonomy":"product_tag","embeddable":true,"href":"https:\/\/www.duchateaueurope.be\/fr\/wp-json\/wp\/v2\/product_tag?post=9260"}],"curies":[{"name":"wp","href":"https:\/\/api.w.org\/{rel}","templated":true}]}}