{"id":9261,"date":"2022-10-13T16:50:28","date_gmt":"2022-10-13T14:50:28","guid":{"rendered":"https:\/\/www.duchateaueurope.be\/produit\/rose-eternelle-dans-vase-2\/"},"modified":"2026-03-04T23:08:02","modified_gmt":"2026-03-04T22:08:02","slug":"rose-eternelle-dans-vase","status":"publish","type":"product","link":"https:\/\/www.duchateaueurope.be\/fr\/shop\/rose-eternelle-dans-vase\/","title":{"rendered":"Rose \u00e9ternelle dans vase"},"content":{"rendered":"","protected":false},"excerpt":{"rendered":"<p>Hauteur du vase: 30 cm<\/p>\n<p>Diam\u00e8tre du vase: 10 cm<\/p>\n<p>Diam\u00e8tre de la rose: 9 cm<\/p>\n<p>Pour une livraison en dehors de Bruxelles, merci de nous contacter avant de passer votre commande. Des frais suppl\u00e9mentaires seront ajout\u00e9s selon la localit\u00e9.<\/p>\n","protected":false},"featured_media":12408,"template":"","meta":{"inline_featured_image":false,"_lmt_disableupdate":"no","_lmt_disable":""},"product_brand":[],"product_cat":[24,19],"product_tag":[133,132,134],"class_list":{"0":"post-9261","1":"product","2":"type-product","3":"status-publish","4":"has-post-thumbnail","6":"product_cat-declaration-damour","7":"product_cat-fleurs-stabilisees","8":"product_tag-cat-ok","9":"product_tag-desc-ok","10":"product_tag-photo-ok","11":"pa_color-rose","12":"pa_color-rouge","13":"pa_color-saumon","15":"first","16":"instock","17":"featured","18":"taxable","19":"shipping-taxable","20":"purchasable","21":"product-type-variable","22":"has-default-attributes"},"_links":{"self":[{"href":"https:\/\/www.duchateaueurope.be\/fr\/wp-json\/wp\/v2\/product\/9261","targetHints":{"allow":["GET"]}}],"collection":[{"href":"https:\/\/www.duchateaueurope.be\/fr\/wp-json\/wp\/v2\/product"}],"about":[{"href":"https:\/\/www.duchateaueurope.be\/fr\/wp-json\/wp\/v2\/types\/product"}],"version-history":[{"count":3,"href":"https:\/\/www.duchateaueurope.be\/fr\/wp-json\/wp\/v2\/product\/9261\/revisions"}],"predecessor-version":[{"id":25719,"href":"https:\/\/www.duchateaueurope.be\/fr\/wp-json\/wp\/v2\/product\/9261\/revisions\/25719"}],"wp:featuredmedia":[{"embeddable":true,"href":"https:\/\/www.duchateaueurope.be\/fr\/wp-json\/wp\/v2\/media\/12408"}],"wp:attachment":[{"href":"https:\/\/www.duchateaueurope.be\/fr\/wp-json\/wp\/v2\/media?parent=9261"}],"wp:term":[{"taxonomy":"product_brand","embeddable":true,"href":"https:\/\/www.duchateaueurope.be\/fr\/wp-json\/wp\/v2\/product_brand?post=9261"},{"taxonomy":"product_cat","embeddable":true,"href":"https:\/\/www.duchateaueurope.be\/fr\/wp-json\/wp\/v2\/product_cat?post=9261"},{"taxonomy":"product_tag","embeddable":true,"href":"https:\/\/www.duchateaueurope.be\/fr\/wp-json\/wp\/v2\/product_tag?post=9261"}],"curies":[{"name":"wp","href":"https:\/\/api.w.org\/{rel}","templated":true}]}}