{"id":9266,"date":"2022-10-13T16:50:28","date_gmt":"2022-10-13T14:50:28","guid":{"rendered":"https:\/\/www.duchateaueurope.be\/produit\/sirop-de-fruits-confits\/"},"modified":"2022-11-28T10:42:21","modified_gmt":"2022-11-28T09:42:21","slug":"sirop-de-fruits-confits","status":"publish","type":"product","link":"https:\/\/www.duchateaueurope.be\/fr\/shop\/sirop-de-fruits-confits\/","title":{"rendered":"Sirop de fruits confits"},"content":{"rendered":"","protected":false},"excerpt":{"rendered":"<p>Il s&rsquo;agit d&rsquo;un v\u00e9ritable \u00e9lixir gourmand, parfum\u00e9 naturellement par les sucs des fruits, confits artisanalement depuis plus de 5 g\u00e9n\u00e9rations.<br \/>Divers go\u00fbts selon le stock.<br \/>M\u00e9thode traditionnelle.<br \/>Maison de qualit\u00e9 \u00e9tablie \u00e0 St-R\u00e9my de Provence depuis 1866.<\/p>\n","protected":false},"featured_media":10850,"template":"","meta":{"inline_featured_image":false,"_lmt_disableupdate":"","_lmt_disable":""},"product_brand":[],"product_cat":[20,97],"product_tag":[133,132,134],"class_list":{"0":"post-9266","1":"product","2":"type-product","3":"status-publish","4":"has-post-thumbnail","6":"product_cat-gourmandises-spiritueux","7":"product_cat-confiseries","8":"product_tag-cat-ok","9":"product_tag-desc-ok","10":"product_tag-photo-ok","12":"first","13":"instock","14":"taxable","15":"shipping-taxable","16":"purchasable","17":"product-type-simple"},"_links":{"self":[{"href":"https:\/\/www.duchateaueurope.be\/fr\/wp-json\/wp\/v2\/product\/9266","targetHints":{"allow":["GET"]}}],"collection":[{"href":"https:\/\/www.duchateaueurope.be\/fr\/wp-json\/wp\/v2\/product"}],"about":[{"href":"https:\/\/www.duchateaueurope.be\/fr\/wp-json\/wp\/v2\/types\/product"}],"version-history":[{"count":0,"href":"https:\/\/www.duchateaueurope.be\/fr\/wp-json\/wp\/v2\/product\/9266\/revisions"}],"wp:featuredmedia":[{"embeddable":true,"href":"https:\/\/www.duchateaueurope.be\/fr\/wp-json\/wp\/v2\/media\/10850"}],"wp:attachment":[{"href":"https:\/\/www.duchateaueurope.be\/fr\/wp-json\/wp\/v2\/media?parent=9266"}],"wp:term":[{"taxonomy":"product_brand","embeddable":true,"href":"https:\/\/www.duchateaueurope.be\/fr\/wp-json\/wp\/v2\/product_brand?post=9266"},{"taxonomy":"product_cat","embeddable":true,"href":"https:\/\/www.duchateaueurope.be\/fr\/wp-json\/wp\/v2\/product_cat?post=9266"},{"taxonomy":"product_tag","embeddable":true,"href":"https:\/\/www.duchateaueurope.be\/fr\/wp-json\/wp\/v2\/product_tag?post=9266"}],"curies":[{"name":"wp","href":"https:\/\/api.w.org\/{rel}","templated":true}]}}