{"id":9269,"date":"2022-10-13T16:50:28","date_gmt":"2022-10-13T14:50:28","guid":{"rendered":"https:\/\/www.duchateaueurope.be\/produit\/pate-de-coing-2\/"},"modified":"2026-03-04T23:07:57","modified_gmt":"2026-03-04T22:07:57","slug":"pate-de-coing","status":"publish","type":"product","link":"https:\/\/www.duchateaueurope.be\/fr\/shop\/pate-de-coing\/","title":{"rendered":"P\u00e2te de Coing &#8211; 275 g"},"content":{"rendered":"","protected":false},"excerpt":{"rendered":"<p>V\u00e9ritable go\u00fbt d&rsquo;autrefois, notre p\u00e2te de coing est r\u00e9alis\u00e9e selon la recette centenaire de Justin Lilamand.<br \/>Conditionnement traditionnel en b\u00e2tonnets sucr\u00e9s de 30g.<\/p>\n","protected":false},"featured_media":10853,"template":"","meta":{"inline_featured_image":false,"_lmt_disableupdate":"","_lmt_disable":""},"product_brand":[],"product_cat":[20,97],"product_tag":[133,132,134],"class_list":{"0":"post-9269","1":"product","2":"type-product","3":"status-publish","4":"has-post-thumbnail","6":"product_cat-gourmandises-spiritueux","7":"product_cat-confiseries","8":"product_tag-cat-ok","9":"product_tag-desc-ok","10":"product_tag-photo-ok","12":"first","13":"instock","14":"taxable","15":"shipping-taxable","16":"purchasable","17":"product-type-simple"},"_links":{"self":[{"href":"https:\/\/www.duchateaueurope.be\/fr\/wp-json\/wp\/v2\/product\/9269","targetHints":{"allow":["GET"]}}],"collection":[{"href":"https:\/\/www.duchateaueurope.be\/fr\/wp-json\/wp\/v2\/product"}],"about":[{"href":"https:\/\/www.duchateaueurope.be\/fr\/wp-json\/wp\/v2\/types\/product"}],"version-history":[{"count":2,"href":"https:\/\/www.duchateaueurope.be\/fr\/wp-json\/wp\/v2\/product\/9269\/revisions"}],"predecessor-version":[{"id":25716,"href":"https:\/\/www.duchateaueurope.be\/fr\/wp-json\/wp\/v2\/product\/9269\/revisions\/25716"}],"wp:featuredmedia":[{"embeddable":true,"href":"https:\/\/www.duchateaueurope.be\/fr\/wp-json\/wp\/v2\/media\/10853"}],"wp:attachment":[{"href":"https:\/\/www.duchateaueurope.be\/fr\/wp-json\/wp\/v2\/media?parent=9269"}],"wp:term":[{"taxonomy":"product_brand","embeddable":true,"href":"https:\/\/www.duchateaueurope.be\/fr\/wp-json\/wp\/v2\/product_brand?post=9269"},{"taxonomy":"product_cat","embeddable":true,"href":"https:\/\/www.duchateaueurope.be\/fr\/wp-json\/wp\/v2\/product_cat?post=9269"},{"taxonomy":"product_tag","embeddable":true,"href":"https:\/\/www.duchateaueurope.be\/fr\/wp-json\/wp\/v2\/product_tag?post=9269"}],"curies":[{"name":"wp","href":"https:\/\/api.w.org\/{rel}","templated":true}]}}