{"id":9275,"date":"2022-10-13T16:50:28","date_gmt":"2022-10-13T14:50:28","guid":{"rendered":"https:\/\/www.duchateaueurope.be\/produit\/gerbe-piquee\/"},"modified":"2026-03-04T23:07:27","modified_gmt":"2026-03-04T22:07:27","slug":"gerbe-piquee-aux-roses-variees","status":"publish","type":"product","link":"https:\/\/www.duchateaueurope.be\/fr\/shop\/gerbe-piquee-aux-roses-variees\/","title":{"rendered":"Gerbe piqu\u00e9e aux roses vari\u00e9es"},"content":{"rendered":"","protected":false},"excerpt":{"rendered":"<p>Gerbe mortuaire ronde avec des roses vari\u00e9es<\/p>\n","protected":false},"featured_media":10796,"template":"","meta":{"inline_featured_image":false,"_lmt_disableupdate":"","_lmt_disable":""},"product_brand":[],"product_cat":[87],"product_tag":[133,132,134],"class_list":{"0":"post-9275","1":"product","2":"type-product","3":"status-publish","4":"has-post-thumbnail","6":"product_cat-condoleances","7":"product_tag-cat-ok","8":"product_tag-desc-ok","9":"product_tag-photo-ok","11":"first","12":"instock","13":"taxable","14":"shipping-taxable","15":"purchasable","16":"product-type-simple"},"_links":{"self":[{"href":"https:\/\/www.duchateaueurope.be\/fr\/wp-json\/wp\/v2\/product\/9275","targetHints":{"allow":["GET"]}}],"collection":[{"href":"https:\/\/www.duchateaueurope.be\/fr\/wp-json\/wp\/v2\/product"}],"about":[{"href":"https:\/\/www.duchateaueurope.be\/fr\/wp-json\/wp\/v2\/types\/product"}],"version-history":[{"count":2,"href":"https:\/\/www.duchateaueurope.be\/fr\/wp-json\/wp\/v2\/product\/9275\/revisions"}],"predecessor-version":[{"id":25695,"href":"https:\/\/www.duchateaueurope.be\/fr\/wp-json\/wp\/v2\/product\/9275\/revisions\/25695"}],"wp:featuredmedia":[{"embeddable":true,"href":"https:\/\/www.duchateaueurope.be\/fr\/wp-json\/wp\/v2\/media\/10796"}],"wp:attachment":[{"href":"https:\/\/www.duchateaueurope.be\/fr\/wp-json\/wp\/v2\/media?parent=9275"}],"wp:term":[{"taxonomy":"product_brand","embeddable":true,"href":"https:\/\/www.duchateaueurope.be\/fr\/wp-json\/wp\/v2\/product_brand?post=9275"},{"taxonomy":"product_cat","embeddable":true,"href":"https:\/\/www.duchateaueurope.be\/fr\/wp-json\/wp\/v2\/product_cat?post=9275"},{"taxonomy":"product_tag","embeddable":true,"href":"https:\/\/www.duchateaueurope.be\/fr\/wp-json\/wp\/v2\/product_tag?post=9275"}],"curies":[{"name":"wp","href":"https:\/\/api.w.org\/{rel}","templated":true}]}}