{"id":9297,"date":"2022-10-13T16:50:44","date_gmt":"2022-10-13T14:50:44","guid":{"rendered":"https:\/\/www.duchateaueurope.be\/produit\/lolita-2\/"},"modified":"2023-02-17T10:57:08","modified_gmt":"2023-02-17T09:57:08","slug":"lolita","status":"publish","type":"product","link":"https:\/\/www.duchateaueurope.be\/fr\/shop\/lolita\/","title":{"rendered":"Lolita"},"content":{"rendered":"","protected":false},"excerpt":{"rendered":"<p>Bouquet compos\u00e9 de tons tendres et d\u00e9licats, un festival de senteurs d\u00fb principalement aux lys cornet.<\/p>\n","protected":false},"featured_media":12121,"template":"","meta":{"inline_featured_image":false,"_lmt_disableupdate":"","_lmt_disable":""},"product_brand":[],"product_cat":[89],"product_tag":[133,132,134],"class_list":{"0":"post-9297","1":"product","2":"type-product","3":"status-publish","4":"has-post-thumbnail","6":"product_cat-bouquets","7":"product_tag-cat-ok","8":"product_tag-desc-ok","9":"product_tag-photo-ok","10":"pa_size-deluxe","11":"pa_size-original","12":"pa_size-prestige","14":"first","15":"instock","16":"featured","17":"taxable","18":"shipping-taxable","19":"purchasable","20":"product-type-variable","21":"has-default-attributes"},"_links":{"self":[{"href":"https:\/\/www.duchateaueurope.be\/fr\/wp-json\/wp\/v2\/product\/9297","targetHints":{"allow":["GET"]}}],"collection":[{"href":"https:\/\/www.duchateaueurope.be\/fr\/wp-json\/wp\/v2\/product"}],"about":[{"href":"https:\/\/www.duchateaueurope.be\/fr\/wp-json\/wp\/v2\/types\/product"}],"version-history":[{"count":0,"href":"https:\/\/www.duchateaueurope.be\/fr\/wp-json\/wp\/v2\/product\/9297\/revisions"}],"wp:featuredmedia":[{"embeddable":true,"href":"https:\/\/www.duchateaueurope.be\/fr\/wp-json\/wp\/v2\/media\/12121"}],"wp:attachment":[{"href":"https:\/\/www.duchateaueurope.be\/fr\/wp-json\/wp\/v2\/media?parent=9297"}],"wp:term":[{"taxonomy":"product_brand","embeddable":true,"href":"https:\/\/www.duchateaueurope.be\/fr\/wp-json\/wp\/v2\/product_brand?post=9297"},{"taxonomy":"product_cat","embeddable":true,"href":"https:\/\/www.duchateaueurope.be\/fr\/wp-json\/wp\/v2\/product_cat?post=9297"},{"taxonomy":"product_tag","embeddable":true,"href":"https:\/\/www.duchateaueurope.be\/fr\/wp-json\/wp\/v2\/product_tag?post=9297"}],"curies":[{"name":"wp","href":"https:\/\/api.w.org\/{rel}","templated":true}]}}