{"id":9314,"date":"2022-10-13T16:50:44","date_gmt":"2022-10-13T14:50:44","guid":{"rendered":"https:\/\/www.duchateaueurope.be\/produit\/babe-2\/"},"modified":"2023-02-17T10:21:27","modified_gmt":"2023-02-17T09:21:27","slug":"babe","status":"publish","type":"product","link":"https:\/\/www.duchateaueurope.be\/fr\/shop\/babe\/","title":{"rendered":"Babe"},"content":{"rendered":"","protected":false},"excerpt":{"rendered":"<p>Ensemble de fleurs et pampas li\u00e9es en spirales et compos\u00e9 de roses rouges, hypericum et gypsophile. Un bouquet tout de rouge v\u00eatu pour d\u00e9clarer votre flamme.<\/p>\n<p>Le bouquet peut varier en fonction du montant, de la disponibilit\u00e9 des fleurs et du prix du jour des fleurs. Les photos ne sont pas contractuelles.<\/p>\n","protected":false},"featured_media":11476,"template":"","meta":{"inline_featured_image":false,"_lmt_disableupdate":"no","_lmt_disable":""},"product_brand":[],"product_cat":[89,24],"product_tag":[133,132,134],"class_list":{"0":"post-9314","1":"product","2":"type-product","3":"status-publish","4":"has-post-thumbnail","6":"product_cat-bouquets","7":"product_cat-declaration-damour","8":"product_tag-cat-ok","9":"product_tag-desc-ok","10":"product_tag-photo-ok","11":"pa_size-deluxe","12":"pa_size-original","13":"pa_size-prestige","15":"first","16":"instock","17":"taxable","18":"shipping-taxable","19":"purchasable","20":"product-type-variable","21":"has-default-attributes"},"_links":{"self":[{"href":"https:\/\/www.duchateaueurope.be\/fr\/wp-json\/wp\/v2\/product\/9314","targetHints":{"allow":["GET"]}}],"collection":[{"href":"https:\/\/www.duchateaueurope.be\/fr\/wp-json\/wp\/v2\/product"}],"about":[{"href":"https:\/\/www.duchateaueurope.be\/fr\/wp-json\/wp\/v2\/types\/product"}],"version-history":[{"count":0,"href":"https:\/\/www.duchateaueurope.be\/fr\/wp-json\/wp\/v2\/product\/9314\/revisions"}],"wp:featuredmedia":[{"embeddable":true,"href":"https:\/\/www.duchateaueurope.be\/fr\/wp-json\/wp\/v2\/media\/11476"}],"wp:attachment":[{"href":"https:\/\/www.duchateaueurope.be\/fr\/wp-json\/wp\/v2\/media?parent=9314"}],"wp:term":[{"taxonomy":"product_brand","embeddable":true,"href":"https:\/\/www.duchateaueurope.be\/fr\/wp-json\/wp\/v2\/product_brand?post=9314"},{"taxonomy":"product_cat","embeddable":true,"href":"https:\/\/www.duchateaueurope.be\/fr\/wp-json\/wp\/v2\/product_cat?post=9314"},{"taxonomy":"product_tag","embeddable":true,"href":"https:\/\/www.duchateaueurope.be\/fr\/wp-json\/wp\/v2\/product_tag?post=9314"}],"curies":[{"name":"wp","href":"https:\/\/api.w.org\/{rel}","templated":true}]}}