{"id":9316,"date":"2022-10-13T16:50:44","date_gmt":"2022-10-13T14:50:44","guid":{"rendered":"https:\/\/www.duchateaueurope.be\/produit\/declaration\/"},"modified":"2026-03-04T23:07:18","modified_gmt":"2026-03-04T22:07:18","slug":"declaration","status":"publish","type":"product","link":"https:\/\/www.duchateaueurope.be\/fr\/shop\/declaration\/","title":{"rendered":"D\u00e9claration"},"content":{"rendered":"","protected":false},"excerpt":{"rendered":"<p>Ensemble de fleurs li\u00e9es en spirales et compos\u00e9 de roses rouges, hypericum et gypsophile.<br \/>\nUn bouquet tout de rouge v\u00eatu pour d\u00e9clarer votre flamme.<\/p>\n","protected":false},"featured_media":11857,"template":"","meta":{"inline_featured_image":false,"_lmt_disableupdate":"no","_lmt_disable":""},"product_brand":[],"product_cat":[24,89],"product_tag":[133,132,134],"class_list":{"0":"post-9316","1":"product","2":"type-product","3":"status-publish","4":"has-post-thumbnail","6":"product_cat-declaration-damour","7":"product_cat-bouquets","8":"product_tag-cat-ok","9":"product_tag-desc-ok","10":"product_tag-photo-ok","11":"pa_size-deluxe","12":"pa_size-original","13":"pa_size-prestige","15":"first","16":"instock","17":"featured","18":"taxable","19":"shipping-taxable","20":"purchasable","21":"product-type-variable","22":"has-default-attributes"},"_links":{"self":[{"href":"https:\/\/www.duchateaueurope.be\/fr\/wp-json\/wp\/v2\/product\/9316","targetHints":{"allow":["GET"]}}],"collection":[{"href":"https:\/\/www.duchateaueurope.be\/fr\/wp-json\/wp\/v2\/product"}],"about":[{"href":"https:\/\/www.duchateaueurope.be\/fr\/wp-json\/wp\/v2\/types\/product"}],"version-history":[{"count":2,"href":"https:\/\/www.duchateaueurope.be\/fr\/wp-json\/wp\/v2\/product\/9316\/revisions"}],"predecessor-version":[{"id":25689,"href":"https:\/\/www.duchateaueurope.be\/fr\/wp-json\/wp\/v2\/product\/9316\/revisions\/25689"}],"wp:featuredmedia":[{"embeddable":true,"href":"https:\/\/www.duchateaueurope.be\/fr\/wp-json\/wp\/v2\/media\/11857"}],"wp:attachment":[{"href":"https:\/\/www.duchateaueurope.be\/fr\/wp-json\/wp\/v2\/media?parent=9316"}],"wp:term":[{"taxonomy":"product_brand","embeddable":true,"href":"https:\/\/www.duchateaueurope.be\/fr\/wp-json\/wp\/v2\/product_brand?post=9316"},{"taxonomy":"product_cat","embeddable":true,"href":"https:\/\/www.duchateaueurope.be\/fr\/wp-json\/wp\/v2\/product_cat?post=9316"},{"taxonomy":"product_tag","embeddable":true,"href":"https:\/\/www.duchateaueurope.be\/fr\/wp-json\/wp\/v2\/product_tag?post=9316"}],"curies":[{"name":"wp","href":"https:\/\/api.w.org\/{rel}","templated":true}]}}