{"id":9317,"date":"2022-10-13T16:50:52","date_gmt":"2022-10-13T14:50:52","guid":{"rendered":"https:\/\/www.duchateaueurope.be\/produit\/alaska\/"},"modified":"2023-02-17T10:19:24","modified_gmt":"2023-02-17T09:19:24","slug":"alaska","status":"publish","type":"product","link":"https:\/\/www.duchateaueurope.be\/fr\/shop\/alaska\/","title":{"rendered":"Alaska"},"content":{"rendered":"","protected":false},"excerpt":{"rendered":"<p>Bouquet compos\u00e9 de fleurs d\u00e9licates blanches (anthuriums, roses avalanches, callas, lys&#8230;) et vert eau, pour les int\u00e9rieurs \u00e9pur\u00e9s.<\/p>\n","protected":false},"featured_media":11371,"template":"","meta":{"inline_featured_image":false,"_lmt_disableupdate":"","_lmt_disable":""},"product_brand":[],"product_cat":[89],"product_tag":[133,132,134],"class_list":{"0":"post-9317","1":"product","2":"type-product","3":"status-publish","4":"has-post-thumbnail","6":"product_cat-bouquets","7":"product_tag-cat-ok","8":"product_tag-desc-ok","9":"product_tag-photo-ok","10":"pa_size-deluxe","11":"pa_size-original","12":"pa_size-prestige","14":"first","15":"instock","16":"taxable","17":"shipping-taxable","18":"purchasable","19":"product-type-variable","20":"has-default-attributes"},"_links":{"self":[{"href":"https:\/\/www.duchateaueurope.be\/fr\/wp-json\/wp\/v2\/product\/9317","targetHints":{"allow":["GET"]}}],"collection":[{"href":"https:\/\/www.duchateaueurope.be\/fr\/wp-json\/wp\/v2\/product"}],"about":[{"href":"https:\/\/www.duchateaueurope.be\/fr\/wp-json\/wp\/v2\/types\/product"}],"version-history":[{"count":0,"href":"https:\/\/www.duchateaueurope.be\/fr\/wp-json\/wp\/v2\/product\/9317\/revisions"}],"wp:featuredmedia":[{"embeddable":true,"href":"https:\/\/www.duchateaueurope.be\/fr\/wp-json\/wp\/v2\/media\/11371"}],"wp:attachment":[{"href":"https:\/\/www.duchateaueurope.be\/fr\/wp-json\/wp\/v2\/media?parent=9317"}],"wp:term":[{"taxonomy":"product_brand","embeddable":true,"href":"https:\/\/www.duchateaueurope.be\/fr\/wp-json\/wp\/v2\/product_brand?post=9317"},{"taxonomy":"product_cat","embeddable":true,"href":"https:\/\/www.duchateaueurope.be\/fr\/wp-json\/wp\/v2\/product_cat?post=9317"},{"taxonomy":"product_tag","embeddable":true,"href":"https:\/\/www.duchateaueurope.be\/fr\/wp-json\/wp\/v2\/product_tag?post=9317"}],"curies":[{"name":"wp","href":"https:\/\/api.w.org\/{rel}","templated":true}]}}