{"id":9355,"date":"2022-10-13T16:51:00","date_gmt":"2022-10-13T14:51:00","guid":{"rendered":"https:\/\/www.duchateaueurope.be\/produit\/girly-2\/"},"modified":"2026-02-09T21:37:27","modified_gmt":"2026-02-09T20:37:27","slug":"girly","status":"publish","type":"product","link":"https:\/\/www.duchateaueurope.be\/fr\/shop\/girly\/","title":{"rendered":"Girly"},"content":{"rendered":"","protected":false},"excerpt":{"rendered":"<p>Pour une livraison en dehors de Bruxelles, merci de nous contacter avant de passer votre commande. Des frais suppl\u00e9mentaires seront ajout\u00e9s selon la localit\u00e9.<\/p>\n","protected":false},"featured_media":11007,"template":"","meta":{"inline_featured_image":false,"_lmt_disableupdate":"","_lmt_disable":""},"product_brand":[],"product_cat":[16,89],"product_tag":[133,132,134],"class_list":{"0":"post-9355","1":"product","2":"type-product","3":"status-publish","4":"has-post-thumbnail","6":"product_cat-fleurs-sechees","7":"product_cat-bouquets","8":"product_tag-cat-ok","9":"product_tag-desc-ok","10":"product_tag-photo-ok","12":"first","13":"instock","14":"taxable","15":"shipping-taxable","16":"purchasable","17":"product-type-simple"},"_links":{"self":[{"href":"https:\/\/www.duchateaueurope.be\/fr\/wp-json\/wp\/v2\/product\/9355","targetHints":{"allow":["GET"]}}],"collection":[{"href":"https:\/\/www.duchateaueurope.be\/fr\/wp-json\/wp\/v2\/product"}],"about":[{"href":"https:\/\/www.duchateaueurope.be\/fr\/wp-json\/wp\/v2\/types\/product"}],"version-history":[{"count":1,"href":"https:\/\/www.duchateaueurope.be\/fr\/wp-json\/wp\/v2\/product\/9355\/revisions"}],"predecessor-version":[{"id":25546,"href":"https:\/\/www.duchateaueurope.be\/fr\/wp-json\/wp\/v2\/product\/9355\/revisions\/25546"}],"wp:featuredmedia":[{"embeddable":true,"href":"https:\/\/www.duchateaueurope.be\/fr\/wp-json\/wp\/v2\/media\/11007"}],"wp:attachment":[{"href":"https:\/\/www.duchateaueurope.be\/fr\/wp-json\/wp\/v2\/media?parent=9355"}],"wp:term":[{"taxonomy":"product_brand","embeddable":true,"href":"https:\/\/www.duchateaueurope.be\/fr\/wp-json\/wp\/v2\/product_brand?post=9355"},{"taxonomy":"product_cat","embeddable":true,"href":"https:\/\/www.duchateaueurope.be\/fr\/wp-json\/wp\/v2\/product_cat?post=9355"},{"taxonomy":"product_tag","embeddable":true,"href":"https:\/\/www.duchateaueurope.be\/fr\/wp-json\/wp\/v2\/product_tag?post=9355"}],"curies":[{"name":"wp","href":"https:\/\/api.w.org\/{rel}","templated":true}]}}