{"id":9375,"date":"2022-10-13T16:51:09","date_gmt":"2022-10-13T14:51:09","guid":{"rendered":"https:\/\/www.duchateaueurope.be\/produit\/coffret-de-roses-eternelles-4\/"},"modified":"2026-03-04T23:07:05","modified_gmt":"2026-03-04T22:07:05","slug":"coffret-de-roses-eternelles-boite-ronde","status":"publish","type":"product","link":"https:\/\/www.duchateaueurope.be\/fr\/shop\/coffret-de-roses-eternelles-boite-ronde\/","title":{"rendered":"Coffret de roses \u00e9ternelles"},"content":{"rendered":"","protected":false},"excerpt":{"rendered":"<p>La fleur \u00e9ternelle est \u00e0 la base une fleur naturelle qui a \u00e9t\u00e9 trait\u00e9e avec de la glyc\u00e9rine afin de garder toute sa souplesse et ne plus demander d\u0092&rsquo;eau ni lumi\u00e8re.<br \/>Dur\u00e9e minimum 4 ans, apr\u00e8s elle p\u00e2lit petit \u00e0 petit.<\/p>\n<p><strong>Original :<\/strong><\/p>\n<ul> \t<\/p>\n<li>Taille de bo\u00eete: 15 x 15cm<\/li>\n<p> \t<\/p>\n<li>Couleur de bo\u00eete: noire<\/li>\n<p> \t<\/p>\n<li>Roses: 10 \u00e0 15 roses<\/li>\n<p><\/ul>\n<p><strong>Deluxe :<\/strong><\/p>\n<ul> \t<\/p>\n<li>Taille de bo\u00eete: 20 x 18cm<\/li>\n<p> \t<\/p>\n<li>Couleur de bo\u00eete: noire<\/li>\n<p> \t<\/p>\n<li>Roses: 15 \u00e0 20 roses<\/li>\n<p><\/ul>\n<p>Le nombre de roses par coffret peut varier, cela d\u00e9pend de la grosseur du bouton de la rose s\u00e9lectionn\u00e9e.<\/p>\n","protected":false},"featured_media":11678,"template":"","meta":{"inline_featured_image":false,"_lmt_disableupdate":"no","_lmt_disable":""},"product_brand":[],"product_cat":[24,19],"product_tag":[133,132,134],"class_list":{"0":"post-9375","1":"product","2":"type-product","3":"status-publish","4":"has-post-thumbnail","6":"product_cat-declaration-damour","7":"product_cat-fleurs-stabilisees","8":"product_tag-cat-ok","9":"product_tag-desc-ok","10":"product_tag-photo-ok","11":"pa_color-blanc","12":"pa_color-fuchsia","13":"pa_color-jaune","14":"pa_color-orange","15":"pa_color-rose","16":"pa_color-rouge","17":"pa_color-saumon","18":"pa_color-saumon-rose-bicolor","19":"pa_size-deluxe","20":"pa_size-original","22":"first","23":"instock","24":"featured","25":"taxable","26":"shipping-taxable","27":"purchasable","28":"product-type-variable","29":"has-default-attributes"},"_links":{"self":[{"href":"https:\/\/www.duchateaueurope.be\/fr\/wp-json\/wp\/v2\/product\/9375","targetHints":{"allow":["GET"]}}],"collection":[{"href":"https:\/\/www.duchateaueurope.be\/fr\/wp-json\/wp\/v2\/product"}],"about":[{"href":"https:\/\/www.duchateaueurope.be\/fr\/wp-json\/wp\/v2\/types\/product"}],"version-history":[{"count":3,"href":"https:\/\/www.duchateaueurope.be\/fr\/wp-json\/wp\/v2\/product\/9375\/revisions"}],"predecessor-version":[{"id":25686,"href":"https:\/\/www.duchateaueurope.be\/fr\/wp-json\/wp\/v2\/product\/9375\/revisions\/25686"}],"wp:featuredmedia":[{"embeddable":true,"href":"https:\/\/www.duchateaueurope.be\/fr\/wp-json\/wp\/v2\/media\/11678"}],"wp:attachment":[{"href":"https:\/\/www.duchateaueurope.be\/fr\/wp-json\/wp\/v2\/media?parent=9375"}],"wp:term":[{"taxonomy":"product_brand","embeddable":true,"href":"https:\/\/www.duchateaueurope.be\/fr\/wp-json\/wp\/v2\/product_brand?post=9375"},{"taxonomy":"product_cat","embeddable":true,"href":"https:\/\/www.duchateaueurope.be\/fr\/wp-json\/wp\/v2\/product_cat?post=9375"},{"taxonomy":"product_tag","embeddable":true,"href":"https:\/\/www.duchateaueurope.be\/fr\/wp-json\/wp\/v2\/product_tag?post=9375"}],"curies":[{"name":"wp","href":"https:\/\/api.w.org\/{rel}","templated":true}]}}