{"id":15598,"date":"2022-10-13T16:49:26","date_gmt":"2022-10-13T14:49:26","guid":{"rendered":"https:\/\/www.duchateaueurope.be\/produit\/champagne-moet-chandon-ice-imperial-75cl\/"},"modified":"2022-11-25T19:48:30","modified_gmt":"2022-11-25T18:48:30","slug":"champagne-moet-chandon-ice-imperial-75cl","status":"publish","type":"product","link":"https:\/\/www.duchateaueurope.be\/nl\/shop\/champagne-moet-chandon-ice-imperial-75cl\/","title":{"rendered":"Champagne &#8211; Mo\u00ebt &#038; Chandon Ice Imp\u00e9rial &#8211; 75cl"},"content":{"rendered":"","protected":false},"excerpt":{"rendered":"<p>Ice Imp\u00e9rial, de eerste en enige champagne die speciaal is gemaakt om op ijs te worden gedronken. Een nieuwe champagne-ervaring die speelse, frisse en vrije sensaties combineert en tegelijkertijd trouw blijft aan de stijl van Mo\u00ebt &#038; Chandon, een stijl die zich onderscheidt door zijn heldere fruitigheid, verleidelijk mondgevoel en elegante rijpheid.<\/p>\n","protected":false},"featured_media":10947,"template":"","meta":{"inline_featured_image":false,"_lmt_disableupdate":"","_lmt_disable":""},"product_brand":[],"product_cat":[245,239],"product_tag":[264,265,268],"class_list":{"0":"post-15598","1":"product","2":"type-product","3":"status-publish","4":"has-post-thumbnail","6":"product_cat-wijnen-sterke-dranken-champagnes","7":"product_cat-lekkernijen-dranken","8":"product_tag-cat-ok-nl","9":"product_tag-desc-ok-nl","10":"product_tag-photo-ok-nl","12":"first","13":"instock","14":"taxable","15":"shipping-taxable","16":"purchasable","17":"product-type-simple"},"_links":{"self":[{"href":"https:\/\/www.duchateaueurope.be\/nl\/wp-json\/wp\/v2\/product\/15598","targetHints":{"allow":["GET"]}}],"collection":[{"href":"https:\/\/www.duchateaueurope.be\/nl\/wp-json\/wp\/v2\/product"}],"about":[{"href":"https:\/\/www.duchateaueurope.be\/nl\/wp-json\/wp\/v2\/types\/product"}],"version-history":[{"count":0,"href":"https:\/\/www.duchateaueurope.be\/nl\/wp-json\/wp\/v2\/product\/15598\/revisions"}],"wp:featuredmedia":[{"embeddable":true,"href":"https:\/\/www.duchateaueurope.be\/nl\/wp-json\/wp\/v2\/media\/10947"}],"wp:attachment":[{"href":"https:\/\/www.duchateaueurope.be\/nl\/wp-json\/wp\/v2\/media?parent=15598"}],"wp:term":[{"taxonomy":"product_brand","embeddable":true,"href":"https:\/\/www.duchateaueurope.be\/nl\/wp-json\/wp\/v2\/product_brand?post=15598"},{"taxonomy":"product_cat","embeddable":true,"href":"https:\/\/www.duchateaueurope.be\/nl\/wp-json\/wp\/v2\/product_cat?post=15598"},{"taxonomy":"product_tag","embeddable":true,"href":"https:\/\/www.duchateaueurope.be\/nl\/wp-json\/wp\/v2\/product_tag?post=15598"}],"curies":[{"name":"wp","href":"https:\/\/api.w.org\/{rel}","templated":true}]}}